{"id":2853,"date":"2020-08-18T11:18:42","date_gmt":"2020-08-18T11:18:42","guid":{"rendered":"http:\/\/fundacjadodo.pl\/pl\/kim-jestesmy\/"},"modified":"2023-01-16T11:50:14","modified_gmt":"2023-01-16T11:50:14","slug":"about-us","status":"publish","type":"page","link":"https:\/\/stara.fundacjadodo.soodev.pl\/en\/about-us\/","title":{"rendered":"About Us"},"content":{"rendered":"<p>[vc_row css_animation=&#8221;none&#8221; top_margin=&#8221;1&#8243; css=&#8221;.vc_custom_1597750006683{margin-top: -70px !important;margin-bottom: -100px !important;}&#8221;][vc_column][vc_row_inner][vc_column_inner][vc_column_text]<\/p>\n<h2><span class=\"naglow\"><span class=\"tlid-translation translation\" lang=\"en\"><span class=\"\" title=\"\">Founder<\/span><\/span><\/span><\/h2>\n<p>&nbsp;<\/p>\n<p>The Zoo Wroc\u0142aw Dodo Foundation was established by Zoo Wroc\u0142aw LLC on June 15, 2016.[\/vc_column_text][\/vc_column_inner][\/vc_row_inner][vc_empty_space height=&#8221;15px&#8221;][vc_row_inner][vc_column_inner width=&#8221;1\/2&#8243;][vc_column_text]<\/p>\n<h2>Foundation <strong>board<\/strong><\/h2>\n<p>&nbsp;<\/p>\n<p>President Marta Gondek<br \/>\nMember of the Board Lidia Przybylska<br \/>\nMember of the Board Pawe\u0142 Sroka<br \/>\nMember of the Board Nikoletta Guli\u0144ska[\/vc_column_text][\/vc_column_inner][vc_column_inner width=&#8221;1\/2&#8243;][vc_column_text]<\/p>\n<h2>Foundation <strong>council<\/strong><\/h2>\n<p>&nbsp;<\/p>\n<p>Chairman Rados\u0142aw Ratajszczak<br \/>\nMember of the Council Rafa\u0142 Guzowski<br \/>\nMember of the Council Joanna Kasprzak[\/vc_column_text][\/vc_column_inner][\/vc_row_inner][vc_empty_space height=&#8221;15px&#8221; el_id=&#8221;move-here&#8221;][vc_row_inner][vc_column_inner width=&#8221;1\/2&#8243; css=&#8221;.vc_custom_1601997430069{margin-bottom: 25px !important;}&#8221;][vc_column_text]<\/p>\n<h2><strong>How<\/strong> do we operate?<\/h2>\n<p>&nbsp;<\/p>\n<p>ZOO AND DODO TO THE RESCUE &#8211; regular meetings held at the Wroc\u0142aw Zoo, aimed at environmental education and popularization of nature conservation. We are witnessing the sixth largest extinction of animals in the history of the Earth. Extinction caused by another species: human. That is why it is so important to make as many people aware of the impact we have on the environment as possible and to instil in each of them the need to protect nature.<\/p>\n<p>FUNDRAISING &#8211; we are raising funds for animal rescue and nature conservation projects around the world. The accounts of our fundraisers can be found here: <a href=\"http:\/\/zbiorki.gov.pl\/zbiorki\/index\">Collections<\/a><\/p>\n<p>WILD RUN &#8211; <a href=\"http:\/\/wildrun.eu\/\">www.wildrun.eu<\/a> &#8211; is the first and only charity in Poland, the route of which runs next to giraffes, lions, elephants or tigers, that is through the zoo. The distance of the main run is 10 km, there are also shorter runs for children. In 2017 we had 700 runners and about 18,000 PLN\u00a0 were collected and donated to save fennec foxes, penguins, manatees and ring-tailed lemurs. In 2018 there were 900 participants, and we collected 35,000 PLN and the donation went to the conservation of Asian endangered animals in their natural environment, including snow leopards, clouded leopards and Pallas&#8217;s cats. In 2019, we had more than 1,000 runners, and 36,000PLN were collected and donated to the conservation projects of European endangered animals (including wolf, pond turtle and bison).[\/vc_column_text][\/vc_column_inner][vc_column_inner el_class=&#8221;custom-promo-box-1&#8243; width=&#8221;1\/2&#8243;][vc_column_text]<\/p>\n<h2><span class=\"naglow\">Our mission<\/span><\/h2>\n<p>[\/vc_column_text][vc_column_text]<\/p>\n<p class=\"found-image-text\" style=\"text-align: left;\"><img loading=\"lazy\" decoding=\"async\" class=\"alignleft wp-image-2831 size-thumbnail\" src=\"https:\/\/stara.fundacjadodo.soodev.pl\/wp-content\/uploads\/2020\/09\/dodo1-1024x790-1-150x150.jpg\" alt=\"\" width=\"150\" height=\"150\" srcset=\"https:\/\/stara.fundacjadodo.soodev.pl\/wp-content\/uploads\/2020\/09\/dodo1-1024x790-1-150x150.jpg 150w, https:\/\/stara.fundacjadodo.soodev.pl\/wp-content\/uploads\/2020\/09\/dodo1-1024x790-1-570x570.jpg 570w, https:\/\/stara.fundacjadodo.soodev.pl\/wp-content\/uploads\/2020\/09\/dodo1-1024x790-1-80x80.jpg 80w, https:\/\/stara.fundacjadodo.soodev.pl\/wp-content\/uploads\/2020\/09\/dodo1-1024x790-1-600x600.jpg 600w, https:\/\/stara.fundacjadodo.soodev.pl\/wp-content\/uploads\/2020\/09\/dodo1-1024x790-1-100x100.jpg 100w\" sizes=\"auto, (max-width: 150px) 100vw, 150px\" \/> Our mission is to support the protection of endangered species in Poland and in the world in their natural habitats and in conservation breeding centres.<\/p>\n<p>[\/vc_column_text][vc_column_text]<\/p>\n<h2><strong>Documents<\/strong> to download<\/h2>\n<p>&nbsp;<\/p>\n<p><a href=\"https:\/\/stara.fundacjadodo.soodev.pl\/wp-content\/uploads\/2020\/09\/Statut-Fundacji-Zoo-Wroc\u0142aw-DODO.pdf\">The statute of the Wroc\u0142aw Zoo Foundation &#8211; DODO<\/a><\/p>\n<p><a href=\"https:\/\/stara.fundacjadodo.soodev.pl\/wp-content\/uploads\/2020\/08\/Sprawozdanie-z-dzia\u0142alno\u015bci-Fundacji-ZOO-Wroc\u0142aw-DODO-za-rok-2016.pdf\">Report on the activities of the DODO Foundation for 2016<\/a><\/p>\n<p><a href=\"https:\/\/stara.fundacjadodo.soodev.pl\/wp-content\/uploads\/2020\/08\/Sprawozdanie-z-dzia\u0142alno\u015bci-Fundacji-DODO-za-2017-rok.pdf\">Report on the activities of the DODO Foundation for 2017<\/a><\/p>\n<p><a href=\"https:\/\/stara.fundacjadodo.soodev.pl\/wp-content\/uploads\/2020\/08\/SPRAWOZDANIE-Z-DZIA\u0141ALNO\u015aCI-FUNDACJI-ZOO-WROC\u0141AW-DODO-ZA-2018-ROKU.pdf\">Report on the activities of the DODO Foundation for 2018<\/a><\/p>\n<p><a href=\"https:\/\/stara.fundacjadodo.soodev.pl\/wp-content\/uploads\/2020\/08\/sprawozdanie-Dodo-2019.pdf\">Report on the activities of the DODO Foundation for 2019<\/a>[\/vc_column_text][\/vc_column_inner][\/vc_row_inner][vc_empty_space height=&#8221;15px&#8221;][\/vc_column][\/vc_row]<\/p>\n","protected":false},"excerpt":{"rendered":"<p>[vc_row css_animation=&#8221;none&#8221; top_margin=&#8221;1&#8243; css=&#8221;.vc_custom_1597750006683{margin-top: -70px !important;margin-bottom: -100px !important;}&#8221;][vc_column][vc_row_inner][vc_column_inner][vc_column_text] Founder &nbsp; The Zoo Wroc\u0142aw Dodo Foundation was established by Zoo Wroc\u0142aw LLC on June 15, 2016.[\/vc_column_text][\/vc_column_inner][\/vc_row_inner][vc_empty_space height=&#8221;15px&#8221;][vc_row_inner][vc_column_inner width=&#8221;1\/2&#8243;][vc_column_text] Foundation board &nbsp; President Marta Gondek Member of the Board Lidia Przybylska Member of the Board Pawe\u0142 Sroka Member of the Board Nikoletta Guli\u0144ska[\/vc_column_text][\/vc_column_inner][vc_column_inner width=&#8221;1\/2&#8243;][vc_column_text] Foundation council &nbsp;<\/p>\n","protected":false},"author":4,"featured_media":0,"parent":0,"menu_order":0,"comment_status":"closed","ping_status":"closed","template":"","meta":{"_mo_disable_npp":"","_monsterinsights_skip_tracking":false,"_monsterinsights_sitenote_active":false,"_monsterinsights_sitenote_note":"","_monsterinsights_sitenote_category":0,"footnotes":""},"class_list":["post-2853","page","type-page","status-publish","hentry"],"yoast_head":"<!-- This site is optimized with the Yoast SEO plugin v22.0 - https:\/\/yoast.com\/wordpress\/plugins\/seo\/ -->\n<title>About Us - Fundacja Zoo Wroc\u0142aw DODO<\/title>\n<meta name=\"robots\" content=\"index, follow, max-snippet:-1, max-image-preview:large, max-video-preview:-1\" \/>\n<link rel=\"canonical\" href=\"https:\/\/stara.fundacjadodo.soodev.pl\/en\/kim-jestesmy\/\" \/>\n<meta property=\"og:locale\" content=\"en_US\" \/>\n<meta property=\"og:type\" content=\"article\" \/>\n<meta property=\"og:title\" content=\"About Us - Fundacja Zoo Wroc\u0142aw DODO\" \/>\n<meta property=\"og:description\" content=\"[vc_row css_animation=&#8221;none&#8221; top_margin=&#8221;1&#8243; css=&#8221;.vc_custom_1597750006683{margin-top: -70px !important;margin-bottom: -100px !important;}&#8221;][vc_column][vc_row_inner][vc_column_inner][vc_column_text] Founder &nbsp; The Zoo Wroc\u0142aw Dodo Foundation was established by Zoo Wroc\u0142aw LLC on June 15, 2016.[\/vc_column_text][\/vc_column_inner][\/vc_row_inner][vc_empty_space height=&#8221;15px&#8221;][vc_row_inner][vc_column_inner width=&#8221;1\/2&#8243;][vc_column_text] Foundation board &nbsp; President Marta Gondek Member of the Board Lidia Przybylska Member of the Board Pawe\u0142 Sroka Member of the Board Nikoletta Guli\u0144ska[\/vc_column_text][\/vc_column_inner][vc_column_inner width=&#8221;1\/2&#8243;][vc_column_text] Foundation council &nbsp;\" \/>\n<meta property=\"og:url\" content=\"https:\/\/stara.fundacjadodo.soodev.pl\/kim-jestesmy\/\" \/>\n<meta property=\"og:site_name\" content=\"Fundacja Zoo Wroc\u0142aw DODO\" \/>\n<meta property=\"article:modified_time\" content=\"2023-01-16T11:50:14+00:00\" \/>\n<meta property=\"og:image\" content=\"https:\/\/stara.fundacjadodo.soodev.pl\/wp-content\/uploads\/2020\/09\/dodo1-1024x790-1-150x150.jpg\" \/>\n<meta name=\"twitter:card\" content=\"summary_large_image\" \/>\n<meta name=\"twitter:label1\" content=\"Est. reading time\" \/>\n\t<meta name=\"twitter:data1\" content=\"3 minutes\" \/>\n<script type=\"application\/ld+json\" class=\"yoast-schema-graph\">{\"@context\":\"https:\/\/schema.org\",\"@graph\":[{\"@type\":\"WebPage\",\"@id\":\"https:\/\/stara.fundacjadodo.soodev.pl\/kim-jestesmy\/\",\"url\":\"https:\/\/stara.fundacjadodo.soodev.pl\/kim-jestesmy\/\",\"name\":\"About Us - Fundacja Zoo Wroc\u0142aw DODO\",\"isPartOf\":{\"@id\":\"https:\/\/stara.fundacjadodo.soodev.pl\/#website\"},\"datePublished\":\"2020-08-18T11:18:42+00:00\",\"dateModified\":\"2023-01-16T11:50:14+00:00\",\"breadcrumb\":{\"@id\":\"https:\/\/stara.fundacjadodo.soodev.pl\/kim-jestesmy\/#breadcrumb\"},\"inLanguage\":\"en-US\",\"potentialAction\":[{\"@type\":\"ReadAction\",\"target\":[\"https:\/\/stara.fundacjadodo.soodev.pl\/kim-jestesmy\/\"]}]},{\"@type\":\"BreadcrumbList\",\"@id\":\"https:\/\/stara.fundacjadodo.soodev.pl\/kim-jestesmy\/#breadcrumb\",\"itemListElement\":[{\"@type\":\"ListItem\",\"position\":1,\"name\":\"Home\",\"item\":\"https:\/\/stara.fundacjadodo.soodev.pl\/en\/\"},{\"@type\":\"ListItem\",\"position\":2,\"name\":\"About Us\"}]},{\"@type\":\"WebSite\",\"@id\":\"https:\/\/stara.fundacjadodo.soodev.pl\/#website\",\"url\":\"https:\/\/stara.fundacjadodo.soodev.pl\/\",\"name\":\"Fundacja Zoo Wroc\u0142aw DODO\",\"description\":\"\",\"potentialAction\":[{\"@type\":\"SearchAction\",\"target\":{\"@type\":\"EntryPoint\",\"urlTemplate\":\"https:\/\/stara.fundacjadodo.soodev.pl\/?s={search_term_string}\"},\"query-input\":\"required name=search_term_string\"}],\"inLanguage\":\"en-US\"}]}<\/script>\n<!-- \/ Yoast SEO plugin. -->","yoast_head_json":{"title":"About Us - Fundacja Zoo Wroc\u0142aw DODO","robots":{"index":"index","follow":"follow","max-snippet":"max-snippet:-1","max-image-preview":"max-image-preview:large","max-video-preview":"max-video-preview:-1"},"canonical":"https:\/\/stara.fundacjadodo.soodev.pl\/en\/kim-jestesmy\/","og_locale":"en_US","og_type":"article","og_title":"About Us - Fundacja Zoo Wroc\u0142aw DODO","og_description":"[vc_row css_animation=&#8221;none&#8221; top_margin=&#8221;1&#8243; css=&#8221;.vc_custom_1597750006683{margin-top: -70px !important;margin-bottom: -100px !important;}&#8221;][vc_column][vc_row_inner][vc_column_inner][vc_column_text] Founder &nbsp; The Zoo Wroc\u0142aw Dodo Foundation was established by Zoo Wroc\u0142aw LLC on June 15, 2016.[\/vc_column_text][\/vc_column_inner][\/vc_row_inner][vc_empty_space height=&#8221;15px&#8221;][vc_row_inner][vc_column_inner width=&#8221;1\/2&#8243;][vc_column_text] Foundation board &nbsp; President Marta Gondek Member of the Board Lidia Przybylska Member of the Board Pawe\u0142 Sroka Member of the Board Nikoletta Guli\u0144ska[\/vc_column_text][\/vc_column_inner][vc_column_inner width=&#8221;1\/2&#8243;][vc_column_text] Foundation council &nbsp;","og_url":"https:\/\/stara.fundacjadodo.soodev.pl\/kim-jestesmy\/","og_site_name":"Fundacja Zoo Wroc\u0142aw DODO","article_modified_time":"2023-01-16T11:50:14+00:00","og_image":[{"url":"https:\/\/stara.fundacjadodo.soodev.pl\/wp-content\/uploads\/2020\/09\/dodo1-1024x790-1-150x150.jpg"}],"twitter_card":"summary_large_image","twitter_misc":{"Est. reading time":"3 minutes"},"schema":{"@context":"https:\/\/schema.org","@graph":[{"@type":"WebPage","@id":"https:\/\/stara.fundacjadodo.soodev.pl\/kim-jestesmy\/","url":"https:\/\/stara.fundacjadodo.soodev.pl\/kim-jestesmy\/","name":"About Us - Fundacja Zoo Wroc\u0142aw DODO","isPartOf":{"@id":"https:\/\/stara.fundacjadodo.soodev.pl\/#website"},"datePublished":"2020-08-18T11:18:42+00:00","dateModified":"2023-01-16T11:50:14+00:00","breadcrumb":{"@id":"https:\/\/stara.fundacjadodo.soodev.pl\/kim-jestesmy\/#breadcrumb"},"inLanguage":"en-US","potentialAction":[{"@type":"ReadAction","target":["https:\/\/stara.fundacjadodo.soodev.pl\/kim-jestesmy\/"]}]},{"@type":"BreadcrumbList","@id":"https:\/\/stara.fundacjadodo.soodev.pl\/kim-jestesmy\/#breadcrumb","itemListElement":[{"@type":"ListItem","position":1,"name":"Home","item":"https:\/\/stara.fundacjadodo.soodev.pl\/en\/"},{"@type":"ListItem","position":2,"name":"About Us"}]},{"@type":"WebSite","@id":"https:\/\/stara.fundacjadodo.soodev.pl\/#website","url":"https:\/\/stara.fundacjadodo.soodev.pl\/","name":"Fundacja Zoo Wroc\u0142aw DODO","description":"","potentialAction":[{"@type":"SearchAction","target":{"@type":"EntryPoint","urlTemplate":"https:\/\/stara.fundacjadodo.soodev.pl\/?s={search_term_string}"},"query-input":"required name=search_term_string"}],"inLanguage":"en-US"}]}},"post_mailing_queue_ids":[],"_links":{"self":[{"href":"https:\/\/stara.fundacjadodo.soodev.pl\/en\/wp-json\/wp\/v2\/pages\/2853","targetHints":{"allow":["GET"]}}],"collection":[{"href":"https:\/\/stara.fundacjadodo.soodev.pl\/en\/wp-json\/wp\/v2\/pages"}],"about":[{"href":"https:\/\/stara.fundacjadodo.soodev.pl\/en\/wp-json\/wp\/v2\/types\/page"}],"author":[{"embeddable":true,"href":"https:\/\/stara.fundacjadodo.soodev.pl\/en\/wp-json\/wp\/v2\/users\/4"}],"replies":[{"embeddable":true,"href":"https:\/\/stara.fundacjadodo.soodev.pl\/en\/wp-json\/wp\/v2\/comments?post=2853"}],"version-history":[{"count":13,"href":"https:\/\/stara.fundacjadodo.soodev.pl\/en\/wp-json\/wp\/v2\/pages\/2853\/revisions"}],"predecessor-version":[{"id":7691,"href":"https:\/\/stara.fundacjadodo.soodev.pl\/en\/wp-json\/wp\/v2\/pages\/2853\/revisions\/7691"}],"wp:attachment":[{"href":"https:\/\/stara.fundacjadodo.soodev.pl\/en\/wp-json\/wp\/v2\/media?parent=2853"}],"curies":[{"name":"wp","href":"https:\/\/api.w.org\/{rel}","templated":true}]}}