{"id":3808,"date":"2020-10-08T14:51:38","date_gmt":"2020-10-08T14:51:38","guid":{"rendered":"http:\/\/fundacjadodo.pl\/pl\/bdp_masonry\/"},"modified":"2020-10-12T16:59:11","modified_gmt":"2020-10-12T16:59:11","slug":"blog-en","status":"publish","type":"page","link":"https:\/\/stara.fundacjadodo.soodev.pl\/en\/blog-en\/","title":{"rendered":"Blog"},"content":{"rendered":"<p>[vc_row][vc_column][vc_empty_space height=&#8221;250px&#8221;][vc_column_text]\t\t<div class=\"bdp-list-main bdp-design-1 bdp-clearfix\">\r\n\t\t\t<div class=\"bdp-post-list bdp-clearfix\">\r\n\t<div class=\"bdp-post-list-content\">\r\n\t\t\t\t<div class=\"bdp-medium-6 bdp-columns\">\r\n\t\t\t<div class=\"bdp-post-image-bg\">\r\n\t\t\t\t<a href=\"https:\/\/stara.fundacjadodo.soodev.pl\/en\/zoo-ask-an-expert\/\">\r\n\t\t\t\t\t<img decoding=\"async\" src=\"https:\/\/stara.fundacjadodo.soodev.pl\/wp-content\/uploads\/2020\/07\/image_2020-10-09_13-30-48-1024x398.png\" alt=\"Zoo ask an expert\" \/>\r\n\t\t\t\t<\/a>\r\n\t\t\t<\/div>\r\n\t\t<\/div>\r\n\t\t\t\t<div class=\"bdp-medium-6 bdp-columns\">\r\n\t\t\t\r\n\t\t\t<h2 class=\"bdp-post-title\">\r\n\t\t\t\t<a href=\"https:\/\/stara.fundacjadodo.soodev.pl\/en\/zoo-ask-an-expert\/\">Zoo ask an expert<\/a>\r\n\t\t\t<\/h2>\r\n\t\t\t\t\r\n\t\t\t\t\t\t<div class=\"bdp-post-meta-innr bdp-post-meta\">\r\n\t\t\t\t\t\t\t\t<span class=\"bdp-post-meta-innr bdp-time\">July 14, 2020<\/span>\r\n\t\t\t\t\t\t\t<\/div>\r\n\t\t\t\t\t\t<div class=\"bdp-post-content\">\r\n\t\t\t\t<div class=\"bdp-post-short-content\">[vc_row][vc_column][vc_column_text]We recommend a very interesting series of films from Zoo Wroc\u0142aw - ZOO, ask the expert. In the latest episode, Anna M\u0119karska, president of the Wroc\u0142aw Dodo Zoo Foundation, specialist in the protection of species of animals in our garden and coordinator of conservation breeding of fenks and kulans for Europe, will answer your questions. (more&hellip;)<\/div>\r\n\t\t\t\t\t\t\t\t<a href=\"https:\/\/stara.fundacjadodo.soodev.pl\/en\/zoo-ask-an-expert\/\" class=\"bdp-readmorebtn\">Read More<\/a>\r\n\t\t\t\t\t\t\t<\/div>\r\n\t\t\t\t\t<\/div>\r\n\t<\/div>\r\n<\/div><div class=\"bdp-post-list bdp-clearfix\">\r\n\t<div class=\"bdp-post-list-content\">\r\n\t\t\t\t<div class=\"bdp-medium-6 bdp-columns\">\r\n\t\t\t<div class=\"bdp-post-image-bg\">\r\n\t\t\t\t<a href=\"https:\/\/stara.fundacjadodo.soodev.pl\/en\/wild-run-2020\/\">\r\n\t\t\t\t\t<img decoding=\"async\" src=\"https:\/\/stara.fundacjadodo.soodev.pl\/wp-content\/uploads\/2017\/09\/image_2020-10-09_13-34-08-1024x448.png\" alt=\"WILD RUN 2020\" \/>\r\n\t\t\t\t<\/a>\r\n\t\t\t<\/div>\r\n\t\t<\/div>\r\n\t\t\t\t<div class=\"bdp-medium-6 bdp-columns\">\r\n\t\t\t\r\n\t\t\t<h2 class=\"bdp-post-title\">\r\n\t\t\t\t<a href=\"https:\/\/stara.fundacjadodo.soodev.pl\/en\/wild-run-2020\/\">WILD RUN 2020<\/a>\r\n\t\t\t<\/h2>\r\n\t\t\t\t\r\n\t\t\t\t\t\t<div class=\"bdp-post-meta-innr bdp-post-meta\">\r\n\t\t\t\t\t\t\t\t<span class=\"bdp-post-meta-innr bdp-time\">September 14, 2017<\/span>\r\n\t\t\t\t\t\t\t<\/div>\r\n\t\t\t\t\t\t<div class=\"bdp-post-content\">\r\n\t\t\t\t<div class=\"bdp-post-short-content\">[vc_row top_margin=\"1\" bottom_margin=\"1\" css=\".vc_custom_1597853225545{margin-top: 200px !important;}\"][vc_column][vc_empty_space height=\"10px\"][vc_custom_heading text=\"WILD RUN 2020 #WildRun #PoczujZewNatury\" font_container=\"tag:h1|font_size:19px|text_align:left|color:%23ffffff\" google_fonts=\"font_family:Roboto%3A100%2C100italic%2C300%2C300italic%2Cregular%2Citalic%2C500%2C500italic%2C700%2C700italic%2C900%2C900italic|font_style:900%20bold%20regular%3A900%3Anormal\"][vc_empty_space][vc_column_text]Run with us, help nature - support animal rescue projects in Southeast Asia! This is the fourth edition of the \"Wild Run\", a charity campaign organized by the Dodo Foundation and the Wroc\u0142aw zoo. This year, due to the pandemic, the race will take place in a different form - virtual. (more&hellip;)<\/div>\r\n\t\t\t\t\t\t\t\t<a href=\"https:\/\/stara.fundacjadodo.soodev.pl\/en\/wild-run-2020\/\" class=\"bdp-readmorebtn\">Read More<\/a>\r\n\t\t\t\t\t\t\t<\/div>\r\n\t\t\t\t\t<\/div>\r\n\t<\/div>\r\n<\/div><div class=\"bdp-post-list bdp-clearfix\">\r\n\t<div class=\"bdp-post-list-content\">\r\n\t\t\t\t<div class=\"bdp-medium-6 bdp-columns\">\r\n\t\t\t<div class=\"bdp-post-image-bg\">\r\n\t\t\t\t<a href=\"https:\/\/stara.fundacjadodo.soodev.pl\/en\/donate-1-to-the-dodo-foundation\/\">\r\n\t\t\t\t\t<img decoding=\"async\" src=\"https:\/\/stara.fundacjadodo.soodev.pl\/wp-content\/uploads\/2017\/09\/image_2020-10-09_13-34-19-1024x398.png\" alt=\"DONATE 1% TO THE DODO FOUNDATION\" \/>\r\n\t\t\t\t<\/a>\r\n\t\t\t<\/div>\r\n\t\t<\/div>\r\n\t\t\t\t<div class=\"bdp-medium-6 bdp-columns\">\r\n\t\t\t\r\n\t\t\t<h2 class=\"bdp-post-title\">\r\n\t\t\t\t<a href=\"https:\/\/stara.fundacjadodo.soodev.pl\/en\/donate-1-to-the-dodo-foundation\/\">DONATE 1% TO THE DODO FOUNDATION<\/a>\r\n\t\t\t<\/h2>\r\n\t\t\t\t\r\n\t\t\t\t\t\t<div class=\"bdp-post-meta-innr bdp-post-meta\">\r\n\t\t\t\t\t\t\t\t<span class=\"bdp-post-meta-innr bdp-time\">September 11, 2017<\/span>\r\n\t\t\t\t\t\t\t<\/div>\r\n\t\t\t\t\t\t<div class=\"bdp-post-content\">\r\n\t\t\t\t<div class=\"bdp-post-short-content\">[vc_row parallax_speed_bg=\"\" top_margin=\"1\" bottom_margin=\"1\"][vc_column][vc_empty_space height=\"10px\"][vc_custom_heading text=\"Donate 1% of your tax to protect endangered species. \" font_container=\"tag:h1|font_size:19px|text_align:left|color:%23ffffff\" google_fonts=\"font_family:Roboto%3A100%2C100italic%2C300%2C300italic%2Cregular%2Citalic%2C500%2C500italic%2C700%2C700italic%2C900%2C900italic|font_style:900%20bold%20regular%3A900%3Anormal\"][vc_empty_space height=\"20px\"][vc_custom_heading text=\"By giving us 1% of the tax, you help save endangered species of animals 1% of the tax is not much, but for lemurs, penguins, manatees, fenks, saols, pangolins, it is of great importance. Enter our KRS number in the tax declaration: 0000623492.\" font_container=\"tag:div|text_align:left|color:%23ffffff\" use_theme_fonts=\"yes\"][\/vc_column][\/vc_row][vc_row css=\".vc_custom_1599492580934{margin-top: 30px !important;}\"][vc_column][vc_single_image image=\"2668\" img_size=\"large\"][vc_empty_space height=\"132px\"][\/vc_column][\/vc_row]<\/div>\r\n\t\t\t\t\t\t\t\t<a href=\"https:\/\/stara.fundacjadodo.soodev.pl\/en\/donate-1-to-the-dodo-foundation\/\" class=\"bdp-readmorebtn\">Read More<\/a>\r\n\t\t\t\t\t\t\t<\/div>\r\n\t\t\t\t\t<\/div>\r\n\t<\/div>\r\n<\/div><div class=\"bdp-post-list bdp-clearfix\">\r\n\t<div class=\"bdp-post-list-content\">\r\n\t\t\t\t<div class=\"bdp-medium-6 bdp-columns\">\r\n\t\t\t<div class=\"bdp-post-image-bg\">\r\n\t\t\t\t<a href=\"https:\/\/stara.fundacjadodo.soodev.pl\/en\/bracelet-from-the-annamite-mountains\/\">\r\n\t\t\t\t\t<img decoding=\"async\" src=\"https:\/\/stara.fundacjadodo.soodev.pl\/wp-content\/uploads\/2020\/09\/image_2020-10-09_13-30-21-1024x398.png\" alt=\"Bracelet from the Annamite Mountains!\" \/>\r\n\t\t\t\t<\/a>\r\n\t\t\t<\/div>\r\n\t\t<\/div>\r\n\t\t\t\t<div class=\"bdp-medium-6 bdp-columns\">\r\n\t\t\t\r\n\t\t\t<h2 class=\"bdp-post-title\">\r\n\t\t\t\t<a href=\"https:\/\/stara.fundacjadodo.soodev.pl\/en\/bracelet-from-the-annamite-mountains\/\">Bracelet from the Annamite Mountains!<\/a>\r\n\t\t\t<\/h2>\r\n\t\t\t\t\r\n\t\t\t\t\t\t<div class=\"bdp-post-meta-innr bdp-post-meta\">\r\n\t\t\t\t\t\t\t\t<span class=\"bdp-post-meta-innr bdp-time\">September 3, 2020<\/span>\r\n\t\t\t\t\t\t\t<\/div>\r\n\t\t\t\t\t\t<div class=\"bdp-post-content\">\r\n\t\t\t\t<div class=\"bdp-post-short-content\">[vc_row parallax_speed_bg=\"\" top_margin=\"1\" bottom_margin=\"1\"][vc_column offset=\"vc_hidden-sm vc_hidden-xs\"][vc_empty_space height=\"10px\"][vc_custom_heading text=\"Screenshot - Wroclaw Zoo Foundation DODO - Let's save endangered animal species!\" font_container=\"tag:h1|font_size:19px|text_align:left|color:%23ededed\" google_fonts=\"font_family:Roboto%3A100%2C100italic%2C300%2C300italic%2Cregular%2Citalic%2C500%2C500italic%2C700%2C700italic%2C900%2C900italic|font_style:900%20bold%20regular%3A900%3Anormal\" css=\".vc_custom_1601971299754{margin-bottom: 5px !important;}\"][vc_column_text]Donate PLN 200 - or more - to receive a handmade bracelet from the Annamite Mountains! Please help us save wild, endangered, unknown species of animals in Asia and Africa - that is, in places where poaching and illegal trade reach unimaginable dimensions! (more&hellip;)<\/div>\r\n\t\t\t\t\t\t\t\t<a href=\"https:\/\/stara.fundacjadodo.soodev.pl\/en\/bracelet-from-the-annamite-mountains\/\" class=\"bdp-readmorebtn\">Read More<\/a>\r\n\t\t\t\t\t\t\t<\/div>\r\n\t\t\t\t\t<\/div>\r\n\t<\/div>\r\n<\/div><div class=\"bdp-post-list bdp-clearfix\">\r\n\t<div class=\"bdp-post-list-content\">\r\n\t\t\t\t<div class=\"bdp-medium-6 bdp-columns\">\r\n\t\t\t<div class=\"bdp-post-image-bg\">\r\n\t\t\t\t<a href=\"https:\/\/stara.fundacjadodo.soodev.pl\/en\/zoo-and-dodo-to-rescue-asian-animals-during-a-pandemic\/\">\r\n\t\t\t\t\t<img decoding=\"async\" src=\"https:\/\/stara.fundacjadodo.soodev.pl\/wp-content\/uploads\/2020\/07\/20200729-zoo-dodo-na-ratunek-azja-pandemia-facebook-live-1024x398.jpg\" alt=\"Zoo and Dodo to rescue Asian animals during a pandemic\" \/>\r\n\t\t\t\t<\/a>\r\n\t\t\t<\/div>\r\n\t\t<\/div>\r\n\t\t\t\t<div class=\"bdp-medium-6 bdp-columns\">\r\n\t\t\t\r\n\t\t\t<h2 class=\"bdp-post-title\">\r\n\t\t\t\t<a href=\"https:\/\/stara.fundacjadodo.soodev.pl\/en\/zoo-and-dodo-to-rescue-asian-animals-during-a-pandemic\/\">Zoo and Dodo to rescue Asian animals during a pandemic<\/a>\r\n\t\t\t<\/h2>\r\n\t\t\t\t\r\n\t\t\t\t\t\t<div class=\"bdp-post-meta-innr bdp-post-meta\">\r\n\t\t\t\t\t\t\t\t<span class=\"bdp-post-meta-innr bdp-time\">July 24, 2020<\/span>\r\n\t\t\t\t\t\t\t<\/div>\r\n\t\t\t\t\t\t<div class=\"bdp-post-content\">\r\n\t\t\t\t<div class=\"bdp-post-short-content\">[vc_row][vc_column][vc_column_text]We cordially invite you to the meeting \"Zoo and Dodo to save Asia's animals during the pandemic\"! Why has the pandemic struck and what does it mean for the protection of wild animals in Asia? (more&hellip;)<\/div>\r\n\t\t\t\t\t\t\t\t<a href=\"https:\/\/stara.fundacjadodo.soodev.pl\/en\/zoo-and-dodo-to-rescue-asian-animals-during-a-pandemic\/\" class=\"bdp-readmorebtn\">Read More<\/a>\r\n\t\t\t\t\t\t\t<\/div>\r\n\t\t\t\t\t<\/div>\r\n\t<\/div>\r\n<\/div><div class=\"bdp-post-list bdp-clearfix\">\r\n\t<div class=\"bdp-post-list-content\">\r\n\t\t\t\t<div class=\"bdp-medium-6 bdp-columns\">\r\n\t\t\t<div class=\"bdp-post-image-bg\">\r\n\t\t\t\t<a href=\"https:\/\/stara.fundacjadodo.soodev.pl\/en\/zoo-and-dodo-to-rescue-australias-animals\/\">\r\n\t\t\t\t\t<img decoding=\"async\" src=\"https:\/\/stara.fundacjadodo.soodev.pl\/wp-content\/uploads\/2020\/02\/image_2020-10-09_13-32-13-736x1024.png\" alt=\"Zoo and Dodo to rescue Australia&#8217;s animals\" \/>\r\n\t\t\t\t<\/a>\r\n\t\t\t<\/div>\r\n\t\t<\/div>\r\n\t\t\t\t<div class=\"bdp-medium-6 bdp-columns\">\r\n\t\t\t\r\n\t\t\t<h2 class=\"bdp-post-title\">\r\n\t\t\t\t<a href=\"https:\/\/stara.fundacjadodo.soodev.pl\/en\/zoo-and-dodo-to-rescue-australias-animals\/\">Zoo and Dodo to rescue Australia&#8217;s animals<\/a>\r\n\t\t\t<\/h2>\r\n\t\t\t\t\r\n\t\t\t\t\t\t<div class=\"bdp-post-meta-innr bdp-post-meta\">\r\n\t\t\t\t\t\t\t\t<span class=\"bdp-post-meta-innr bdp-time\">February 19, 2020<\/span>\r\n\t\t\t\t\t\t\t<\/div>\r\n\t\t\t\t\t\t<div class=\"bdp-post-content\">\r\n\t\t\t\t<div class=\"bdp-post-short-content\">[vc_row][vc_column][vc_column_text]We cordially invite you to a special meeting \"Zoo and Dodo to save Australia's animals\", which will be held at the Wroclaw zoo on Friday, February 28! (more&hellip;)<\/div>\r\n\t\t\t\t\t\t\t\t<a href=\"https:\/\/stara.fundacjadodo.soodev.pl\/en\/zoo-and-dodo-to-rescue-australias-animals\/\" class=\"bdp-readmorebtn\">Read More<\/a>\r\n\t\t\t\t\t\t\t<\/div>\r\n\t\t\t\t\t<\/div>\r\n\t<\/div>\r\n<\/div><div class=\"bdp-post-list bdp-clearfix\">\r\n\t<div class=\"bdp-post-list-content\">\r\n\t\t\t\t<div class=\"bdp-medium-6 bdp-columns\">\r\n\t\t\t<div class=\"bdp-post-image-bg\">\r\n\t\t\t\t<a href=\"https:\/\/stara.fundacjadodo.soodev.pl\/en\/international-pangolin-day\/\">\r\n\t\t\t\t\t<img decoding=\"async\" src=\"https:\/\/stara.fundacjadodo.soodev.pl\/wp-content\/uploads\/2020\/02\/image_2020-10-09_13-32-32-1024x398.png\" alt=\"International Pangolin Day!\" \/>\r\n\t\t\t\t<\/a>\r\n\t\t\t<\/div>\r\n\t\t<\/div>\r\n\t\t\t\t<div class=\"bdp-medium-6 bdp-columns\">\r\n\t\t\t\r\n\t\t\t<h2 class=\"bdp-post-title\">\r\n\t\t\t\t<a href=\"https:\/\/stara.fundacjadodo.soodev.pl\/en\/international-pangolin-day\/\">International Pangolin Day!<\/a>\r\n\t\t\t<\/h2>\r\n\t\t\t\t\r\n\t\t\t\t\t\t<div class=\"bdp-post-meta-innr bdp-post-meta\">\r\n\t\t\t\t\t\t\t\t<span class=\"bdp-post-meta-innr bdp-time\">February 14, 2020<\/span>\r\n\t\t\t\t\t\t\t<\/div>\r\n\t\t\t\t\t\t<div class=\"bdp-post-content\">\r\n\t\t\t\t<div class=\"bdp-post-short-content\">[vc_row bottom_margin=\"1\"][vc_column][vc_column_text]We hope that in 2020, many more people will hear about this day than in previous years ... The Dodo Foundation, operating at the Wroc\u0142aw zoo, has been providing information on these animals in the world most at risk of smuggling for several years. (more&hellip;)<\/div>\r\n\t\t\t\t\t\t\t\t<a href=\"https:\/\/stara.fundacjadodo.soodev.pl\/en\/international-pangolin-day\/\" class=\"bdp-readmorebtn\">Read More<\/a>\r\n\t\t\t\t\t\t\t<\/div>\r\n\t\t\t\t\t<\/div>\r\n\t<\/div>\r\n<\/div>\t\t<\/div>\t\t\r\n\t\t[\/vc_column_text][\/vc_column][\/vc_row]<\/p>\n","protected":false},"excerpt":{"rendered":"<p>[vc_row][vc_column][vc_empty_space height=&#8221;250px&#8221;][vc_column_text][\/vc_column_text][\/vc_column][\/vc_row]<\/p>\n","protected":false},"author":4,"featured_media":0,"parent":0,"menu_order":0,"comment_status":"closed","ping_status":"closed","template":"","meta":{"_mo_disable_npp":"","_monsterinsights_skip_tracking":false,"_monsterinsights_sitenote_active":false,"_monsterinsights_sitenote_note":"","_monsterinsights_sitenote_category":0,"footnotes":""},"class_list":["post-3808","page","type-page","status-publish","hentry"],"yoast_head":"<!-- This site is optimized with the Yoast SEO plugin v22.0 - https:\/\/yoast.com\/wordpress\/plugins\/seo\/ -->\n<title>Blog - Fundacja Zoo Wroc\u0142aw DODO<\/title>\n<meta name=\"robots\" content=\"index, follow, max-snippet:-1, max-image-preview:large, max-video-preview:-1\" \/>\n<link rel=\"canonical\" href=\"https:\/\/stara.fundacjadodo.soodev.pl\/en\/blog-pl\/\" \/>\n<meta property=\"og:locale\" content=\"en_US\" \/>\n<meta property=\"og:type\" content=\"article\" \/>\n<meta property=\"og:title\" content=\"Blog - Fundacja Zoo Wroc\u0142aw DODO\" \/>\n<meta property=\"og:description\" content=\"[vc_row][vc_column][vc_empty_space height=&#8221;250px&#8221;][vc_column_text][\/vc_column_text][\/vc_column][\/vc_row]\" \/>\n<meta property=\"og:url\" content=\"https:\/\/stara.fundacjadodo.soodev.pl\/blog-pl\/\" \/>\n<meta property=\"og:site_name\" content=\"Fundacja Zoo Wroc\u0142aw DODO\" \/>\n<meta property=\"article:modified_time\" content=\"2020-10-12T16:59:11+00:00\" \/>\n<meta name=\"twitter:card\" content=\"summary_large_image\" \/>\n<script type=\"application\/ld+json\" class=\"yoast-schema-graph\">{\"@context\":\"https:\/\/schema.org\",\"@graph\":[{\"@type\":\"WebPage\",\"@id\":\"https:\/\/stara.fundacjadodo.soodev.pl\/blog-pl\/\",\"url\":\"https:\/\/stara.fundacjadodo.soodev.pl\/blog-pl\/\",\"name\":\"Blog - Fundacja Zoo Wroc\u0142aw DODO\",\"isPartOf\":{\"@id\":\"https:\/\/stara.fundacjadodo.soodev.pl\/#website\"},\"datePublished\":\"2020-10-08T14:51:38+00:00\",\"dateModified\":\"2020-10-12T16:59:11+00:00\",\"breadcrumb\":{\"@id\":\"https:\/\/stara.fundacjadodo.soodev.pl\/blog-pl\/#breadcrumb\"},\"inLanguage\":\"en-US\",\"potentialAction\":[{\"@type\":\"ReadAction\",\"target\":[\"https:\/\/stara.fundacjadodo.soodev.pl\/blog-pl\/\"]}]},{\"@type\":\"BreadcrumbList\",\"@id\":\"https:\/\/stara.fundacjadodo.soodev.pl\/blog-pl\/#breadcrumb\",\"itemListElement\":[{\"@type\":\"ListItem\",\"position\":1,\"name\":\"Home\",\"item\":\"https:\/\/stara.fundacjadodo.soodev.pl\/en\/\"},{\"@type\":\"ListItem\",\"position\":2,\"name\":\"Blog\"}]},{\"@type\":\"WebSite\",\"@id\":\"https:\/\/stara.fundacjadodo.soodev.pl\/#website\",\"url\":\"https:\/\/stara.fundacjadodo.soodev.pl\/\",\"name\":\"Fundacja Zoo Wroc\u0142aw DODO\",\"description\":\"\",\"potentialAction\":[{\"@type\":\"SearchAction\",\"target\":{\"@type\":\"EntryPoint\",\"urlTemplate\":\"https:\/\/stara.fundacjadodo.soodev.pl\/?s={search_term_string}\"},\"query-input\":\"required name=search_term_string\"}],\"inLanguage\":\"en-US\"}]}<\/script>\n<!-- \/ Yoast SEO plugin. -->","yoast_head_json":{"title":"Blog - Fundacja Zoo Wroc\u0142aw DODO","robots":{"index":"index","follow":"follow","max-snippet":"max-snippet:-1","max-image-preview":"max-image-preview:large","max-video-preview":"max-video-preview:-1"},"canonical":"https:\/\/stara.fundacjadodo.soodev.pl\/en\/blog-pl\/","og_locale":"en_US","og_type":"article","og_title":"Blog - Fundacja Zoo Wroc\u0142aw DODO","og_description":"[vc_row][vc_column][vc_empty_space height=&#8221;250px&#8221;][vc_column_text][\/vc_column_text][\/vc_column][\/vc_row]","og_url":"https:\/\/stara.fundacjadodo.soodev.pl\/blog-pl\/","og_site_name":"Fundacja Zoo Wroc\u0142aw DODO","article_modified_time":"2020-10-12T16:59:11+00:00","twitter_card":"summary_large_image","schema":{"@context":"https:\/\/schema.org","@graph":[{"@type":"WebPage","@id":"https:\/\/stara.fundacjadodo.soodev.pl\/blog-pl\/","url":"https:\/\/stara.fundacjadodo.soodev.pl\/blog-pl\/","name":"Blog - Fundacja Zoo Wroc\u0142aw DODO","isPartOf":{"@id":"https:\/\/stara.fundacjadodo.soodev.pl\/#website"},"datePublished":"2020-10-08T14:51:38+00:00","dateModified":"2020-10-12T16:59:11+00:00","breadcrumb":{"@id":"https:\/\/stara.fundacjadodo.soodev.pl\/blog-pl\/#breadcrumb"},"inLanguage":"en-US","potentialAction":[{"@type":"ReadAction","target":["https:\/\/stara.fundacjadodo.soodev.pl\/blog-pl\/"]}]},{"@type":"BreadcrumbList","@id":"https:\/\/stara.fundacjadodo.soodev.pl\/blog-pl\/#breadcrumb","itemListElement":[{"@type":"ListItem","position":1,"name":"Home","item":"https:\/\/stara.fundacjadodo.soodev.pl\/en\/"},{"@type":"ListItem","position":2,"name":"Blog"}]},{"@type":"WebSite","@id":"https:\/\/stara.fundacjadodo.soodev.pl\/#website","url":"https:\/\/stara.fundacjadodo.soodev.pl\/","name":"Fundacja Zoo Wroc\u0142aw DODO","description":"","potentialAction":[{"@type":"SearchAction","target":{"@type":"EntryPoint","urlTemplate":"https:\/\/stara.fundacjadodo.soodev.pl\/?s={search_term_string}"},"query-input":"required name=search_term_string"}],"inLanguage":"en-US"}]}},"post_mailing_queue_ids":[],"_links":{"self":[{"href":"https:\/\/stara.fundacjadodo.soodev.pl\/en\/wp-json\/wp\/v2\/pages\/3808","targetHints":{"allow":["GET"]}}],"collection":[{"href":"https:\/\/stara.fundacjadodo.soodev.pl\/en\/wp-json\/wp\/v2\/pages"}],"about":[{"href":"https:\/\/stara.fundacjadodo.soodev.pl\/en\/wp-json\/wp\/v2\/types\/page"}],"author":[{"embeddable":true,"href":"https:\/\/stara.fundacjadodo.soodev.pl\/en\/wp-json\/wp\/v2\/users\/4"}],"replies":[{"embeddable":true,"href":"https:\/\/stara.fundacjadodo.soodev.pl\/en\/wp-json\/wp\/v2\/comments?post=3808"}],"version-history":[{"count":4,"href":"https:\/\/stara.fundacjadodo.soodev.pl\/en\/wp-json\/wp\/v2\/pages\/3808\/revisions"}],"predecessor-version":[{"id":3868,"href":"https:\/\/stara.fundacjadodo.soodev.pl\/en\/wp-json\/wp\/v2\/pages\/3808\/revisions\/3868"}],"wp:attachment":[{"href":"https:\/\/stara.fundacjadodo.soodev.pl\/en\/wp-json\/wp\/v2\/media?parent=3808"}],"curies":[{"name":"wp","href":"https:\/\/api.w.org\/{rel}","templated":true}]}}