{"id":3519,"date":"2020-11-11T18:01:48","date_gmt":"2020-11-11T18:01:48","guid":{"rendered":"http:\/\/fundacjadodo.pl\/pl\/product\/program-ochrony-zolwi-senegalu\/"},"modified":"2021-08-27T12:13:39","modified_gmt":"2021-08-27T12:13:39","slug":"turtles-africa","status":"publish","type":"product","link":"https:\/\/stara.fundacjadodo.soodev.pl\/en\/project\/turtles-africa\/","title":{"rendered":"Conservation of African Testudines"},"content":{"rendered":"<p>[vc_row css=&#8221;.vc_custom_1599733813307{margin-bottom: -100px !important;}&#8221;][vc_column][vc_column_text]Species name: <strong>AFRICAN SPURRED TORTOISE, ADANSON&#8217;S MUD TURTLE, SEA TURTLES, RADIATED TORTOISE<\/strong><br \/>\nScientific name: <strong><em>Centrochelys sulcata, Pelusios adansonii, Cheloniidae, <\/em><em>Astrochelys radiata<\/em><\/strong><\/p>\n<p><strong><em>\u00a0<\/em><\/strong><\/p>\n<p>Country: <span data-sheets-value=\"{&quot;1&quot;:2,&quot;2&quot;:&quot;Tunezja&quot;}\" data-sheets-userformat=\"{&quot;2&quot;:15229,&quot;3&quot;:{&quot;1&quot;:0},&quot;5&quot;:{&quot;1&quot;:[{&quot;1&quot;:2,&quot;2&quot;:0,&quot;5&quot;:{&quot;1&quot;:2,&quot;2&quot;:0}},{&quot;1&quot;:0,&quot;2&quot;:0,&quot;3&quot;:3},{&quot;1&quot;:1,&quot;2&quot;:0,&quot;4&quot;:1}]},&quot;6&quot;:{&quot;1&quot;:[{&quot;1&quot;:2,&quot;2&quot;:0,&quot;5&quot;:{&quot;1&quot;:2,&quot;2&quot;:0}},{&quot;1&quot;:0,&quot;2&quot;:0,&quot;3&quot;:3},{&quot;1&quot;:1,&quot;2&quot;:0,&quot;4&quot;:1}]},&quot;7&quot;:{&quot;1&quot;:[{&quot;1&quot;:2,&quot;2&quot;:0,&quot;5&quot;:{&quot;1&quot;:2,&quot;2&quot;:0}},{&quot;1&quot;:0,&quot;2&quot;:0,&quot;3&quot;:3},{&quot;1&quot;:1,&quot;2&quot;:0,&quot;4&quot;:1}]},&quot;8&quot;:{&quot;1&quot;:[{&quot;1&quot;:2,&quot;2&quot;:0,&quot;5&quot;:{&quot;1&quot;:2,&quot;2&quot;:0}},{&quot;1&quot;:0,&quot;2&quot;:0,&quot;3&quot;:3},{&quot;1&quot;:1,&quot;2&quot;:0,&quot;4&quot;:1}]},&quot;9&quot;:0,&quot;11&quot;:4,&quot;12&quot;:0,&quot;14&quot;:{&quot;1&quot;:2,&quot;2&quot;:0},&quot;15&quot;:&quot;Arial&quot;,&quot;16&quot;:11}\">Senegal, Madagascar<\/span><\/p>\n<p>Project website:\u00a0 <span data-sheets-value=\"{&quot;1&quot;:2,&quot;2&quot;:&quot;www.africanchelonian.org&quot;}\" data-sheets-userformat=\"{&quot;2&quot;:277373,&quot;3&quot;:{&quot;1&quot;:0},&quot;5&quot;:{&quot;1&quot;:[{&quot;1&quot;:2,&quot;2&quot;:0,&quot;5&quot;:{&quot;1&quot;:2,&quot;2&quot;:0}},{&quot;1&quot;:0,&quot;2&quot;:0,&quot;3&quot;:3},{&quot;1&quot;:1,&quot;2&quot;:0,&quot;4&quot;:1}]},&quot;6&quot;:{&quot;1&quot;:[{&quot;1&quot;:2,&quot;2&quot;:0,&quot;5&quot;:{&quot;1&quot;:2,&quot;2&quot;:0}},{&quot;1&quot;:0,&quot;2&quot;:0,&quot;3&quot;:3},{&quot;1&quot;:1,&quot;2&quot;:0,&quot;4&quot;:1}]},&quot;7&quot;:{&quot;1&quot;:[{&quot;1&quot;:2,&quot;2&quot;:0,&quot;5&quot;:{&quot;1&quot;:2,&quot;2&quot;:0}},{&quot;1&quot;:0,&quot;2&quot;:0,&quot;3&quot;:3},{&quot;1&quot;:1,&quot;2&quot;:0,&quot;4&quot;:1}]},&quot;8&quot;:{&quot;1&quot;:[{&quot;1&quot;:2,&quot;2&quot;:0,&quot;5&quot;:{&quot;1&quot;:2,&quot;2&quot;:0}},{&quot;1&quot;:0,&quot;2&quot;:0,&quot;3&quot;:3},{&quot;1&quot;:1,&quot;2&quot;:0,&quot;4&quot;:1}]},&quot;9&quot;:0,&quot;11&quot;:4,&quot;12&quot;:0,&quot;14&quot;:{&quot;1&quot;:2,&quot;2&quot;:0},&quot;15&quot;:&quot;Arial&quot;,&quot;16&quot;:11,&quot;21&quot;:1}\" data-sheets-hyperlink=\"http:\/\/www.africanchelonian.org\"><a href=\"http:\/\/www.africanchelonian.org\">www.africanchelonian.org<\/a>, <a href=\"http:\/\/www.turtlesurvival.org\">www.turtlesurvival.org<\/a><\/span><\/p>\n<p>Turtles have lived on earth for more than 250 million years! Unfortunately, man has proved to be their most dangerous predator. For thousands of years, turtles have been valuable food for humans. Probably as early as 11,000 years ago, indigenous people exterminated giant tortoises in Florida&#8230; Sea, land and mud tortoises were also a delicacy in Europe until recently. Today, the problem mainly affects South America, Africa and Southeast Asia. It does not mean that turtles are safe on other continents. The illegal turtle trade market is so large that poachers hunt these animals on a massive scale.[\/vc_column_text][vc_empty_space height=&#8221;16&#8243;][vc_custom_heading text=&#8221;Rescue of seized turtles in Senegal&#8221; font_container=&#8221;tag:h1|font_size:19|text_align:left|color:%23ffffff&#8221; google_fonts=&#8221;font_family:Roboto%3A100%2C100italic%2C300%2C300italic%2Cregular%2Citalic%2C500%2C500italic%2C700%2C700italic%2C900%2C900italic|font_style:900%20bold%20regular%3A900%3Anormal&#8221;][vc_row_inner content_placement=&#8221;top&#8221;][vc_column_inner width=&#8221;1\/2&#8243;][vc_single_image image=&#8221;6675&#8243; img_size=&#8221;large&#8221; alignment=&#8221;center&#8221;][\/vc_column_inner][vc_column_inner width=&#8221;1\/2&#8243;][vc_column_text]The poaching and illegal trade in turtles are increasingly affecting the African continent. Smugglers buy the animals and try to export them by ship to Asia. The large port of Dakar is, therefore, a frequent location for smuggling. Thanks to the police and customs officials, some of them are intercepted and rescued! We support the <a href=\"https:\/\/africanchelonian.org\/\">African Chelonian Institute<\/a> in rescuing, breeding and releasing turtles protected in Senegal into the wild.[\/vc_column_text][\/vc_column_inner][\/vc_row_inner][vc_empty_space height=&#8221;32&#8243;][vc_row_inner content_placement=&#8221;middle&#8221;][vc_column_inner width=&#8221;2\/3&#8243;][vc_column_text]In January 2019, thanks to the support of our foundation, for the third time, Adanson&#8217;s mud turtle (<em>Pelusios adansonii<\/em>) were released into Lake Guiers! We protect the biodiversity of the last wetlands of the desert Sahel! We also support the conservation breeding of desert tortoises in Senegal and educational actions carried out on the Atlantic coast to protect sea tortoises![\/vc_column_text][\/vc_column_inner][vc_column_inner width=&#8221;1\/3&#8243;][vc_single_image image=&#8221;6671&#8243; img_size=&#8221;medium&#8221; alignment=&#8221;center&#8221;][\/vc_column_inner][\/vc_row_inner][vc_empty_space height=&#8221;32&#8243;][vc_media_grid element_width=&#8221;3&#8243; gap=&#8221;15&#8243; grid_id=&#8221;vc_gid:1630066179851-9c99d959-636a-10&#8243; include=&#8221;4432,4434,4438,6677&#8243;][vc_empty_space height=&#8221;16&#8243;][vc_custom_heading text=&#8221;Saving the radiated tortoise in Madagascar&#8221; font_container=&#8221;tag:h1|font_size:19|text_align:left|color:%23ffffff&#8221; google_fonts=&#8221;font_family:Roboto%3A100%2C100italic%2C300%2C300italic%2Cregular%2Citalic%2C500%2C500italic%2C700%2C700italic%2C900%2C900italic|font_style:900%20bold%20regular%3A900%3Anormal&#8221;][vc_row_inner][vc_column_inner width=&#8221;1\/2&#8243;][vc_single_image image=&#8221;6679&#8243; img_size=&#8221;large&#8221;][\/vc_column_inner][vc_column_inner width=&#8221;1\/2&#8243;][vc_column_text]Until 20 years ago, radiated tortoises were quite common in Madagascar and could be seen close to towns and roads, making them a symbol of wildlife in the southern part of the island. The reason for the very rapid decline of the population is habitat loss, poaching and illegal trade. The tortoises mainly end up in Asia as pets but also as a delicacy. Currently, it is estimated that the population has decreased by 80%, and in 20 years, the turtles will disappear from the wild.[\/vc_column_text][\/vc_column_inner][\/vc_row_inner][vc_row_inner][vc_column_inner width=&#8221;2\/3&#8243;][vc_column_text]In 2018 in Madagascar, police foiled the major smuggling of 11,000, and then more than 7,000 radiated tortoises. They ended up in a tortoise rehabilitation centre, that was not designed for such a large number of animals. We rushed to help! We provided financial support for the construction of new enclosures and helped cover the costs of feeding the tortoises.[\/vc_column_text][\/vc_column_inner][vc_column_inner width=&#8221;1\/3&#8243;][vc_single_image image=&#8221;6683&#8243; img_size=&#8221;large&#8221;][\/vc_column_inner][\/vc_row_inner][vc_empty_space height=&#8221;50px&#8221;][vc_column_text]Unfortunately, despite onerous penalties and intensified measures taken by the local police, the temptation to make a substantial profit from illegal trade is enormous&#8230; Every year, several hundred to several thousand of these turtles are confiscated. Remember: DO NOT BUY WILD, PROTECTED TURTLES![\/vc_column_text][vc_empty_space height=&#8221;32&#8243;][vc_video link=&#8221;https:\/\/vimeo.com\/331355727&#8243;][vc_row_inner][vc_column_inner][\/vc_column_inner][\/vc_row_inner][vc_empty_space height=&#8221;50px&#8221;][vc_raw_html]JTVCYmRwX3Bvc3RfbGlzdCUyMHNob3dfYXV0aG9yJTNEJTIyZmFsc2UlMjIlMjBzaG93X3RhZ3MlM0QlMjJmYWxzZSUyMiUyMHNob3dfY29tbWVudHMlM0QlMjJmYWxzZSUyMiUyMHNob3dfY2F0ZWdvcnklM0QlMjJmYWxzZSUyMiUyMGNvbnRlbnRfd29yZHNfbGltaXQlM0QlMjIzNSUyMiUyMGNhdGVnb3J5JTNEJTIyJUM1JUJDJUMzJUIzJUM1JTgyd2llJTIyJTVE[\/vc_raw_html][vc_empty_space height=&#8221;50px&#8221;][vc_empty_space height=&#8221;50px&#8221;][\/vc_column][\/vc_row]<\/p>\n","protected":false},"excerpt":{"rendered":"<p>[vc_row css=&#8221;.vc_custom_1599733813307{margin-bottom: -100px !important;}&#8221;][vc_column][vc_column_text]Species name: AFRICAN SPURRED TORTOISE, ADANSON&#8217;S MUD TURTLE, SEA TURTLES, RADIATED TORTOISE Scientific name: Centrochelys sulcata, Pelusios adansonii, Cheloniidae, Astrochelys radiata \u00a0 Country: Senegal, Madagascar Project website:\u00a0 www.africanchelonian.org, www.turtlesurvival.org Turtles have lived on earth for more than 250 million years! Unfortunately, man has proved to be their most dangerous predator. For thousands<\/p>\n","protected":false},"featured_media":4428,"template":"","meta":{"_mo_disable_npp":"","_monsterinsights_skip_tracking":false,"_monsterinsights_sitenote_active":false,"_monsterinsights_sitenote_note":"","_monsterinsights_sitenote_category":0},"class_list":["post-3519","product","type-product","status-publish","has-post-thumbnail","hentry","product_cat-animals","product_tag-afryka-en","product_tag-gady-en","product_tag-zolw-en"],"yoast_head":"<!-- This site is optimized with the Yoast SEO plugin v22.0 - https:\/\/yoast.com\/wordpress\/plugins\/seo\/ -->\n<title>Conservation of African Testudines - Fundacja Zoo Wroc\u0142aw DODO<\/title>\n<meta name=\"description\" content=\"\u017b\u00f3\u0142wie \u017cyj\u0105 na ziemi od przesz\u0142o 250 mln lat! Niestety cz\u0142owiek okaza\u0142 si\u0119 najgro\u017aniejszym dla nich drapie\u017cnikiem. Od tysi\u0119cy lat \u017c\u00f3\u0142wie stanowi\u0142y cenny pokarm dla ludzi. Prawdopodobnie ju\u017c 11 tys. lat temu rdzenni mieszka\u0144cy wyt\u0119pili \u017c\u00f3\u0142wie olbrzymie na Florydzie\u2026 \u017b\u00f3\u0142wie morskie, l\u0105dowe i b\u0142otne by\u0142y te\u017c do niedawna przysmakiem w Europie. Obecnie problem dotyczy g\u0142\u00f3wnie Ameryki Po\u0142udniowej, Afryki i Azji Po\u0142udniowo \u2013 Wschodniej. Nie oznacza to, \u017ce na innych kontynentach \u017c\u00f3\u0142wie s\u0105 bezpieczne. Rynek nielegalnego handlu \u017c\u00f3\u0142wiami jest tak du\u017cy, \u017ce k\u0142usownicy poluj\u0105 na te zwierz\u0119ta na masow\u0105 skal\u0119.\" \/>\n<meta name=\"robots\" content=\"index, follow, max-snippet:-1, max-image-preview:large, max-video-preview:-1\" \/>\n<link rel=\"canonical\" href=\"https:\/\/stara.fundacjadodo.soodev.pl\/en\/projekt\/zolwie-ochrona-afryka\/\" \/>\n<meta property=\"og:locale\" content=\"en_US\" \/>\n<meta property=\"og:type\" content=\"article\" \/>\n<meta property=\"og:title\" content=\"Conservation of African Testudines - Fundacja Zoo Wroc\u0142aw DODO\" \/>\n<meta property=\"og:description\" content=\"\u017b\u00f3\u0142wie \u017cyj\u0105 na ziemi od przesz\u0142o 250 mln lat! Niestety cz\u0142owiek okaza\u0142 si\u0119 najgro\u017aniejszym dla nich drapie\u017cnikiem. Od tysi\u0119cy lat \u017c\u00f3\u0142wie stanowi\u0142y cenny pokarm dla ludzi. Prawdopodobnie ju\u017c 11 tys. lat temu rdzenni mieszka\u0144cy wyt\u0119pili \u017c\u00f3\u0142wie olbrzymie na Florydzie\u2026 \u017b\u00f3\u0142wie morskie, l\u0105dowe i b\u0142otne by\u0142y te\u017c do niedawna przysmakiem w Europie. Obecnie problem dotyczy g\u0142\u00f3wnie Ameryki Po\u0142udniowej, Afryki i Azji Po\u0142udniowo \u2013 Wschodniej. Nie oznacza to, \u017ce na innych kontynentach \u017c\u00f3\u0142wie s\u0105 bezpieczne. Rynek nielegalnego handlu \u017c\u00f3\u0142wiami jest tak du\u017cy, \u017ce k\u0142usownicy poluj\u0105 na te zwierz\u0119ta na masow\u0105 skal\u0119.\" \/>\n<meta property=\"og:url\" content=\"https:\/\/stara.fundacjadodo.soodev.pl\/projekt\/zolwie-ochrona-afryka\/\" \/>\n<meta property=\"og:site_name\" content=\"Fundacja Zoo Wroc\u0142aw DODO\" \/>\n<meta property=\"article:modified_time\" content=\"2021-08-27T12:13:39+00:00\" \/>\n<meta property=\"og:image\" content=\"https:\/\/stara.fundacjadodo.soodev.pl\/wp-content\/uploads\/2020\/09\/turtles-africa-kafelek.png\" \/>\n\t<meta property=\"og:image:width\" content=\"1600\" \/>\n\t<meta property=\"og:image:height\" content=\"1600\" \/>\n\t<meta property=\"og:image:type\" content=\"image\/png\" \/>\n<meta name=\"twitter:card\" content=\"summary_large_image\" \/>\n<meta name=\"twitter:label1\" content=\"Est. reading time\" \/>\n\t<meta name=\"twitter:data1\" content=\"4 minutes\" \/>\n<script type=\"application\/ld+json\" class=\"yoast-schema-graph\">{\"@context\":\"https:\/\/schema.org\",\"@graph\":[{\"@type\":\"WebPage\",\"@id\":\"https:\/\/stara.fundacjadodo.soodev.pl\/projekt\/zolwie-ochrona-afryka\/\",\"url\":\"https:\/\/stara.fundacjadodo.soodev.pl\/projekt\/zolwie-ochrona-afryka\/\",\"name\":\"Conservation of African Testudines - Fundacja Zoo Wroc\u0142aw DODO\",\"isPartOf\":{\"@id\":\"https:\/\/stara.fundacjadodo.soodev.pl\/#website\"},\"datePublished\":\"2020-11-11T18:01:48+00:00\",\"dateModified\":\"2021-08-27T12:13:39+00:00\",\"description\":\"\u017b\u00f3\u0142wie \u017cyj\u0105 na ziemi od przesz\u0142o 250 mln lat! Niestety cz\u0142owiek okaza\u0142 si\u0119 najgro\u017aniejszym dla nich drapie\u017cnikiem. Od tysi\u0119cy lat \u017c\u00f3\u0142wie stanowi\u0142y cenny pokarm dla ludzi. Prawdopodobnie ju\u017c 11 tys. lat temu rdzenni mieszka\u0144cy wyt\u0119pili \u017c\u00f3\u0142wie olbrzymie na Florydzie\u2026 \u017b\u00f3\u0142wie morskie, l\u0105dowe i b\u0142otne by\u0142y te\u017c do niedawna przysmakiem w Europie. Obecnie problem dotyczy g\u0142\u00f3wnie Ameryki Po\u0142udniowej, Afryki i Azji Po\u0142udniowo \u2013 Wschodniej. Nie oznacza to, \u017ce na innych kontynentach \u017c\u00f3\u0142wie s\u0105 bezpieczne. Rynek nielegalnego handlu \u017c\u00f3\u0142wiami jest tak du\u017cy, \u017ce k\u0142usownicy poluj\u0105 na te zwierz\u0119ta na masow\u0105 skal\u0119.\",\"breadcrumb\":{\"@id\":\"https:\/\/stara.fundacjadodo.soodev.pl\/projekt\/zolwie-ochrona-afryka\/#breadcrumb\"},\"inLanguage\":\"en-US\",\"potentialAction\":[{\"@type\":\"ReadAction\",\"target\":[\"https:\/\/stara.fundacjadodo.soodev.pl\/projekt\/zolwie-ochrona-afryka\/\"]}]},{\"@type\":\"BreadcrumbList\",\"@id\":\"https:\/\/stara.fundacjadodo.soodev.pl\/projekt\/zolwie-ochrona-afryka\/#breadcrumb\",\"itemListElement\":[{\"@type\":\"ListItem\",\"position\":1,\"name\":\"Home\",\"item\":\"https:\/\/stara.fundacjadodo.soodev.pl\/en\/\"},{\"@type\":\"ListItem\",\"position\":2,\"name\":\"Project\",\"item\":\"https:\/\/stara.fundacjadodo.soodev.pl\/en\/project\/\"},{\"@type\":\"ListItem\",\"position\":3,\"name\":\"Conservation of African Testudines\"}]},{\"@type\":\"WebSite\",\"@id\":\"https:\/\/stara.fundacjadodo.soodev.pl\/#website\",\"url\":\"https:\/\/stara.fundacjadodo.soodev.pl\/\",\"name\":\"Fundacja Zoo Wroc\u0142aw DODO\",\"description\":\"\",\"potentialAction\":[{\"@type\":\"SearchAction\",\"target\":{\"@type\":\"EntryPoint\",\"urlTemplate\":\"https:\/\/stara.fundacjadodo.soodev.pl\/?s={search_term_string}\"},\"query-input\":\"required name=search_term_string\"}],\"inLanguage\":\"en-US\"}]}<\/script>\n<!-- \/ Yoast SEO plugin. -->","yoast_head_json":{"title":"Conservation of African Testudines - Fundacja Zoo Wroc\u0142aw DODO","description":"\u017b\u00f3\u0142wie \u017cyj\u0105 na ziemi od przesz\u0142o 250 mln lat! Niestety cz\u0142owiek okaza\u0142 si\u0119 najgro\u017aniejszym dla nich drapie\u017cnikiem. Od tysi\u0119cy lat \u017c\u00f3\u0142wie stanowi\u0142y cenny pokarm dla ludzi. Prawdopodobnie ju\u017c 11 tys. lat temu rdzenni mieszka\u0144cy wyt\u0119pili \u017c\u00f3\u0142wie olbrzymie na Florydzie\u2026 \u017b\u00f3\u0142wie morskie, l\u0105dowe i b\u0142otne by\u0142y te\u017c do niedawna przysmakiem w Europie. Obecnie problem dotyczy g\u0142\u00f3wnie Ameryki Po\u0142udniowej, Afryki i Azji Po\u0142udniowo \u2013 Wschodniej. Nie oznacza to, \u017ce na innych kontynentach \u017c\u00f3\u0142wie s\u0105 bezpieczne. Rynek nielegalnego handlu \u017c\u00f3\u0142wiami jest tak du\u017cy, \u017ce k\u0142usownicy poluj\u0105 na te zwierz\u0119ta na masow\u0105 skal\u0119.","robots":{"index":"index","follow":"follow","max-snippet":"max-snippet:-1","max-image-preview":"max-image-preview:large","max-video-preview":"max-video-preview:-1"},"canonical":"https:\/\/stara.fundacjadodo.soodev.pl\/en\/projekt\/zolwie-ochrona-afryka\/","og_locale":"en_US","og_type":"article","og_title":"Conservation of African Testudines - Fundacja Zoo Wroc\u0142aw DODO","og_description":"\u017b\u00f3\u0142wie \u017cyj\u0105 na ziemi od przesz\u0142o 250 mln lat! Niestety cz\u0142owiek okaza\u0142 si\u0119 najgro\u017aniejszym dla nich drapie\u017cnikiem. Od tysi\u0119cy lat \u017c\u00f3\u0142wie stanowi\u0142y cenny pokarm dla ludzi. Prawdopodobnie ju\u017c 11 tys. lat temu rdzenni mieszka\u0144cy wyt\u0119pili \u017c\u00f3\u0142wie olbrzymie na Florydzie\u2026 \u017b\u00f3\u0142wie morskie, l\u0105dowe i b\u0142otne by\u0142y te\u017c do niedawna przysmakiem w Europie. Obecnie problem dotyczy g\u0142\u00f3wnie Ameryki Po\u0142udniowej, Afryki i Azji Po\u0142udniowo \u2013 Wschodniej. Nie oznacza to, \u017ce na innych kontynentach \u017c\u00f3\u0142wie s\u0105 bezpieczne. Rynek nielegalnego handlu \u017c\u00f3\u0142wiami jest tak du\u017cy, \u017ce k\u0142usownicy poluj\u0105 na te zwierz\u0119ta na masow\u0105 skal\u0119.","og_url":"https:\/\/stara.fundacjadodo.soodev.pl\/projekt\/zolwie-ochrona-afryka\/","og_site_name":"Fundacja Zoo Wroc\u0142aw DODO","article_modified_time":"2021-08-27T12:13:39+00:00","og_image":[{"width":1600,"height":1600,"url":"https:\/\/stara.fundacjadodo.soodev.pl\/wp-content\/uploads\/2020\/09\/turtles-africa-kafelek.png","type":"image\/png"}],"twitter_card":"summary_large_image","twitter_misc":{"Est. reading time":"4 minutes"},"schema":{"@context":"https:\/\/schema.org","@graph":[{"@type":"WebPage","@id":"https:\/\/stara.fundacjadodo.soodev.pl\/projekt\/zolwie-ochrona-afryka\/","url":"https:\/\/stara.fundacjadodo.soodev.pl\/projekt\/zolwie-ochrona-afryka\/","name":"Conservation of African Testudines - Fundacja Zoo Wroc\u0142aw DODO","isPartOf":{"@id":"https:\/\/stara.fundacjadodo.soodev.pl\/#website"},"datePublished":"2020-11-11T18:01:48+00:00","dateModified":"2021-08-27T12:13:39+00:00","description":"\u017b\u00f3\u0142wie \u017cyj\u0105 na ziemi od przesz\u0142o 250 mln lat! Niestety cz\u0142owiek okaza\u0142 si\u0119 najgro\u017aniejszym dla nich drapie\u017cnikiem. Od tysi\u0119cy lat \u017c\u00f3\u0142wie stanowi\u0142y cenny pokarm dla ludzi. Prawdopodobnie ju\u017c 11 tys. lat temu rdzenni mieszka\u0144cy wyt\u0119pili \u017c\u00f3\u0142wie olbrzymie na Florydzie\u2026 \u017b\u00f3\u0142wie morskie, l\u0105dowe i b\u0142otne by\u0142y te\u017c do niedawna przysmakiem w Europie. Obecnie problem dotyczy g\u0142\u00f3wnie Ameryki Po\u0142udniowej, Afryki i Azji Po\u0142udniowo \u2013 Wschodniej. Nie oznacza to, \u017ce na innych kontynentach \u017c\u00f3\u0142wie s\u0105 bezpieczne. Rynek nielegalnego handlu \u017c\u00f3\u0142wiami jest tak du\u017cy, \u017ce k\u0142usownicy poluj\u0105 na te zwierz\u0119ta na masow\u0105 skal\u0119.","breadcrumb":{"@id":"https:\/\/stara.fundacjadodo.soodev.pl\/projekt\/zolwie-ochrona-afryka\/#breadcrumb"},"inLanguage":"en-US","potentialAction":[{"@type":"ReadAction","target":["https:\/\/stara.fundacjadodo.soodev.pl\/projekt\/zolwie-ochrona-afryka\/"]}]},{"@type":"BreadcrumbList","@id":"https:\/\/stara.fundacjadodo.soodev.pl\/projekt\/zolwie-ochrona-afryka\/#breadcrumb","itemListElement":[{"@type":"ListItem","position":1,"name":"Home","item":"https:\/\/stara.fundacjadodo.soodev.pl\/en\/"},{"@type":"ListItem","position":2,"name":"Project","item":"https:\/\/stara.fundacjadodo.soodev.pl\/en\/project\/"},{"@type":"ListItem","position":3,"name":"Conservation of African Testudines"}]},{"@type":"WebSite","@id":"https:\/\/stara.fundacjadodo.soodev.pl\/#website","url":"https:\/\/stara.fundacjadodo.soodev.pl\/","name":"Fundacja Zoo Wroc\u0142aw DODO","description":"","potentialAction":[{"@type":"SearchAction","target":{"@type":"EntryPoint","urlTemplate":"https:\/\/stara.fundacjadodo.soodev.pl\/?s={search_term_string}"},"query-input":"required name=search_term_string"}],"inLanguage":"en-US"}]}},"post_mailing_queue_ids":[],"_links":{"self":[{"href":"https:\/\/stara.fundacjadodo.soodev.pl\/en\/wp-json\/wp\/v2\/product\/3519","targetHints":{"allow":["GET"]}}],"collection":[{"href":"https:\/\/stara.fundacjadodo.soodev.pl\/en\/wp-json\/wp\/v2\/product"}],"about":[{"href":"https:\/\/stara.fundacjadodo.soodev.pl\/en\/wp-json\/wp\/v2\/types\/product"}],"wp:featuredmedia":[{"embeddable":true,"href":"https:\/\/stara.fundacjadodo.soodev.pl\/en\/wp-json\/wp\/v2\/media\/4428"}],"wp:attachment":[{"href":"https:\/\/stara.fundacjadodo.soodev.pl\/en\/wp-json\/wp\/v2\/media?parent=3519"}],"curies":[{"name":"wp","href":"https:\/\/api.w.org\/{rel}","templated":true}]}}