{"id":3530,"date":"2020-09-14T14:42:03","date_gmt":"2020-09-14T14:42:03","guid":{"rendered":"http:\/\/fundacjadodo.pl\/pl\/product\/program-ochrony-wilkow-i-rysi\/"},"modified":"2020-12-08T22:51:43","modified_gmt":"2020-12-08T22:51:43","slug":"euroasian-lynx-poland-conservation","status":"publish","type":"product","link":"https:\/\/stara.fundacjadodo.soodev.pl\/en\/project\/euroasian-lynx-poland-conservation\/","title":{"rendered":"Euroasian lynx conservation program in Poland"},"content":{"rendered":"<p>[vc_row css=&#8221;.vc_custom_1599733813307{margin-bottom: -100px !important;}&#8221;][vc_column][vc_column_text]Species name: <strong>EUROASIAN LYNX<\/strong><br \/>\nScientific name: <em><strong>Lynx lynx<\/strong><\/em><\/p>\n<p>Country: <span data-sheets-value=\"{&quot;1&quot;:2,&quot;2&quot;:&quot;Filipiny Negros&quot;}\" data-sheets-userformat=\"{&quot;2&quot;:15229,&quot;3&quot;:{&quot;1&quot;:0},&quot;5&quot;:{&quot;1&quot;:[{&quot;1&quot;:2,&quot;2&quot;:0,&quot;5&quot;:{&quot;1&quot;:2,&quot;2&quot;:0}},{&quot;1&quot;:0,&quot;2&quot;:0,&quot;3&quot;:3},{&quot;1&quot;:1,&quot;2&quot;:0,&quot;4&quot;:1}]},&quot;6&quot;:{&quot;1&quot;:[{&quot;1&quot;:2,&quot;2&quot;:0,&quot;5&quot;:{&quot;1&quot;:2,&quot;2&quot;:0}},{&quot;1&quot;:0,&quot;2&quot;:0,&quot;3&quot;:3},{&quot;1&quot;:1,&quot;2&quot;:0,&quot;4&quot;:1}]},&quot;7&quot;:{&quot;1&quot;:[{&quot;1&quot;:2,&quot;2&quot;:0,&quot;5&quot;:{&quot;1&quot;:2,&quot;2&quot;:0}},{&quot;1&quot;:0,&quot;2&quot;:0,&quot;3&quot;:3},{&quot;1&quot;:1,&quot;2&quot;:0,&quot;4&quot;:1}]},&quot;8&quot;:{&quot;1&quot;:[{&quot;1&quot;:2,&quot;2&quot;:0,&quot;5&quot;:{&quot;1&quot;:2,&quot;2&quot;:0}},{&quot;1&quot;:0,&quot;2&quot;:0,&quot;3&quot;:3},{&quot;1&quot;:1,&quot;2&quot;:0,&quot;4&quot;:1}]},&quot;9&quot;:0,&quot;11&quot;:4,&quot;12&quot;:0,&quot;14&quot;:{&quot;1&quot;:2,&quot;2&quot;:0},&quot;15&quot;:&quot;Arial&quot;,&quot;16&quot;:11}\">Poland<\/span><\/p>\n<p>Project website: <span data-sheets-value=\"{&quot;1&quot;:2,&quot;2&quot;:&quot;www.polskiwilk.org.pl&quot;}\" data-sheets-userformat=\"{&quot;2&quot;:277373,&quot;3&quot;:{&quot;1&quot;:0},&quot;5&quot;:{&quot;1&quot;:[{&quot;1&quot;:2,&quot;2&quot;:0,&quot;5&quot;:{&quot;1&quot;:2,&quot;2&quot;:0}},{&quot;1&quot;:0,&quot;2&quot;:0,&quot;3&quot;:3},{&quot;1&quot;:1,&quot;2&quot;:0,&quot;4&quot;:1}]},&quot;6&quot;:{&quot;1&quot;:[{&quot;1&quot;:2,&quot;2&quot;:0,&quot;5&quot;:{&quot;1&quot;:2,&quot;2&quot;:0}},{&quot;1&quot;:0,&quot;2&quot;:0,&quot;3&quot;:3},{&quot;1&quot;:1,&quot;2&quot;:0,&quot;4&quot;:1}]},&quot;7&quot;:{&quot;1&quot;:[{&quot;1&quot;:2,&quot;2&quot;:0,&quot;5&quot;:{&quot;1&quot;:2,&quot;2&quot;:0}},{&quot;1&quot;:0,&quot;2&quot;:0,&quot;3&quot;:3},{&quot;1&quot;:1,&quot;2&quot;:0,&quot;4&quot;:1}]},&quot;8&quot;:{&quot;1&quot;:[{&quot;1&quot;:2,&quot;2&quot;:0,&quot;5&quot;:{&quot;1&quot;:2,&quot;2&quot;:0}},{&quot;1&quot;:0,&quot;2&quot;:0,&quot;3&quot;:3},{&quot;1&quot;:1,&quot;2&quot;:0,&quot;4&quot;:1}]},&quot;9&quot;:0,&quot;11&quot;:4,&quot;12&quot;:0,&quot;14&quot;:{&quot;1&quot;:2,&quot;2&quot;:0},&quot;15&quot;:&quot;Arial&quot;,&quot;16&quot;:11,&quot;21&quot;:1}\" data-sheets-hyperlink=\"http:\/\/www.polskiwilk.org.pl\"><a class=\"in-cell-link\" href=\"https:\/\/www.polskiwilk.org.pl\/en\/lynx\" target=\"_blank\" rel=\"noopener noreferrer\">www.polskiwilk.org.pl\/rys<\/a><\/span><\/p>\n<p>&nbsp;<\/p>\n<p>The largest cat in Europe inhabits only a few areas of Poland. It is estimated that there are no more than 220 lynxes in Poland.[\/vc_column_text][vc_empty_space height=&#8221;50px&#8221;][vc_row_inner content_placement=&#8221;middle&#8221;][vc_column_inner width=&#8221;1\/2&#8243;][vc_column_text]They are found mainly in the Carpathians and the Carpathian Foothills and in the Bia\u0142owie\u017ca, Knyszy\u0144ska and Augustowska forests, and very few in Mazowsze and Kujawy. It is very difficult to see the lynx in nature as it is active mainly at night and avoids contact with humans. The lynx is a strictly protected species in Poland, requiring active protection.[\/vc_column_text][\/vc_column_inner][vc_column_inner width=&#8221;1\/2&#8243;][vc_single_image image=&#8221;4710&#8243; img_size=&#8221;large&#8221; alignment=&#8221;center&#8221;][\/vc_column_inner][\/vc_row_inner][vc_empty_space height=&#8221;50px&#8221;][vc_row_inner content_placement=&#8221;middle&#8221;][vc_column_inner width=&#8221;1\/2&#8243;][vc_single_image image=&#8221;4708&#8243; img_size=&#8221;large&#8221; alignment=&#8221;center&#8221;][\/vc_column_inner][vc_column_inner width=&#8221;1\/2&#8243;][vc_column_text]It has very high requirements: it prefers a natural mixed forest with dense undergrowth, and there are very few such forests in Poland. It also doesn&#8217;t like to move around in open terrain, which makes the vast, forestless areas that dominate urbanized Europe a difficult barrier for him to overcome.[\/vc_column_text][\/vc_column_inner][\/vc_row_inner][vc_empty_space height=&#8221;65&#8243;][\/vc_column][\/vc_row][vc_row][vc_column][vc_column_text]<\/p>\n<h2>What we do<\/h2>\n<p>To get to know the lynx better, we support the project of the Association for Nature &#8220;Wolf&#8221; carried out in the Roztocze National Park.[\/vc_column_text][vc_empty_space height=&#8221;50px&#8221;][vc_row_inner][vc_column_inner][vc_video link=&#8221;https:\/\/youtu.be\/FPKvm0GnG6M&#8221; align=&#8221;center&#8221;][\/vc_column_inner][\/vc_row_inner][vc_empty_space height=&#8221;50px&#8221;][vc_media_grid gap=&#8221;15&#8243; grid_id=&#8221;vc_gid:1607467598617-8450a98b-4c73-10&#8243; include=&#8221;4712,4714,4716&#8243;][vc_empty_space height=&#8221;50px&#8221;][vc_empty_space height=&#8221;50px&#8221;][\/vc_column][\/vc_row]<\/p>\n","protected":false},"excerpt":{"rendered":"<p>[vc_row css=&#8221;.vc_custom_1599733813307{margin-bottom: -100px !important;}&#8221;][vc_column][vc_column_text]Species name: EUROASIAN LYNX Scientific name: Lynx lynx Country: Poland Project website: www.polskiwilk.org.pl\/rys &nbsp; The largest cat in Europe inhabits only a few areas of Poland. It is estimated that there are no more than 220 lynxes in Poland.[\/vc_column_text][vc_empty_space height=&#8221;50px&#8221;][vc_row_inner content_placement=&#8221;middle&#8221;][vc_column_inner width=&#8221;1\/2&#8243;][vc_column_text]They are found mainly in the Carpathians and the Carpathian Foothills<\/p>\n","protected":false},"featured_media":4703,"template":"","meta":{"_mo_disable_npp":"","_monsterinsights_skip_tracking":false,"_monsterinsights_sitenote_active":false,"_monsterinsights_sitenote_note":"","_monsterinsights_sitenote_category":0},"class_list":["post-3530","product","type-product","status-publish","has-post-thumbnail","hentry","product_cat-animals","product_tag-kotowate-en"],"yoast_head":"<!-- This site is optimized with the Yoast SEO plugin v22.0 - https:\/\/yoast.com\/wordpress\/plugins\/seo\/ -->\n<title>Euroasian lynx conservation program in Poland - Fundacja Zoo Wroc\u0142aw DODO<\/title>\n<meta name=\"robots\" content=\"index, follow, max-snippet:-1, max-image-preview:large, max-video-preview:-1\" \/>\n<link rel=\"canonical\" href=\"https:\/\/stara.fundacjadodo.soodev.pl\/en\/projekt\/rys-euroazjatycki-ochrona\/\" \/>\n<meta property=\"og:locale\" content=\"en_US\" \/>\n<meta property=\"og:type\" content=\"article\" \/>\n<meta property=\"og:title\" content=\"Euroasian lynx conservation program in Poland - Fundacja Zoo Wroc\u0142aw DODO\" \/>\n<meta property=\"og:description\" content=\"[vc_row css=&#8221;.vc_custom_1599733813307{margin-bottom: -100px !important;}&#8221;][vc_column][vc_column_text]Species name: EUROASIAN LYNX Scientific name: Lynx lynx Country: Poland Project website: www.polskiwilk.org.pl\/rys &nbsp; The largest cat in Europe inhabits only a few areas of Poland. It is estimated that there are no more than 220 lynxes in Poland.[\/vc_column_text][vc_empty_space height=&#8221;50px&#8221;][vc_row_inner content_placement=&#8221;middle&#8221;][vc_column_inner width=&#8221;1\/2&#8243;][vc_column_text]They are found mainly in the Carpathians and the Carpathian Foothills\" \/>\n<meta property=\"og:url\" content=\"https:\/\/stara.fundacjadodo.soodev.pl\/projekt\/rys-euroazjatycki-ochrona\/\" \/>\n<meta property=\"og:site_name\" content=\"Fundacja Zoo Wroc\u0142aw DODO\" \/>\n<meta property=\"article:modified_time\" content=\"2020-12-08T22:51:43+00:00\" \/>\n<meta property=\"og:image\" content=\"https:\/\/stara.fundacjadodo.soodev.pl\/wp-content\/uploads\/2020\/09\/eurasian-lynx-kafelek-1024x1024.png\" \/>\n\t<meta property=\"og:image:width\" content=\"1024\" \/>\n\t<meta property=\"og:image:height\" content=\"1024\" \/>\n\t<meta property=\"og:image:type\" content=\"image\/png\" \/>\n<meta name=\"twitter:card\" content=\"summary_large_image\" \/>\n<meta name=\"twitter:label1\" content=\"Est. reading time\" \/>\n\t<meta name=\"twitter:data1\" content=\"2 minutes\" \/>\n<script type=\"application\/ld+json\" class=\"yoast-schema-graph\">{\"@context\":\"https:\/\/schema.org\",\"@graph\":[{\"@type\":\"WebPage\",\"@id\":\"https:\/\/stara.fundacjadodo.soodev.pl\/projekt\/rys-euroazjatycki-ochrona\/\",\"url\":\"https:\/\/stara.fundacjadodo.soodev.pl\/projekt\/rys-euroazjatycki-ochrona\/\",\"name\":\"Euroasian lynx conservation program in Poland - Fundacja Zoo Wroc\u0142aw DODO\",\"isPartOf\":{\"@id\":\"https:\/\/stara.fundacjadodo.soodev.pl\/#website\"},\"datePublished\":\"2020-09-14T14:42:03+00:00\",\"dateModified\":\"2020-12-08T22:51:43+00:00\",\"breadcrumb\":{\"@id\":\"https:\/\/stara.fundacjadodo.soodev.pl\/projekt\/rys-euroazjatycki-ochrona\/#breadcrumb\"},\"inLanguage\":\"en-US\",\"potentialAction\":[{\"@type\":\"ReadAction\",\"target\":[\"https:\/\/stara.fundacjadodo.soodev.pl\/projekt\/rys-euroazjatycki-ochrona\/\"]}]},{\"@type\":\"BreadcrumbList\",\"@id\":\"https:\/\/stara.fundacjadodo.soodev.pl\/projekt\/rys-euroazjatycki-ochrona\/#breadcrumb\",\"itemListElement\":[{\"@type\":\"ListItem\",\"position\":1,\"name\":\"Home\",\"item\":\"https:\/\/stara.fundacjadodo.soodev.pl\/en\/\"},{\"@type\":\"ListItem\",\"position\":2,\"name\":\"Project\",\"item\":\"https:\/\/stara.fundacjadodo.soodev.pl\/en\/project\/\"},{\"@type\":\"ListItem\",\"position\":3,\"name\":\"Euroasian lynx conservation program in Poland\"}]},{\"@type\":\"WebSite\",\"@id\":\"https:\/\/stara.fundacjadodo.soodev.pl\/#website\",\"url\":\"https:\/\/stara.fundacjadodo.soodev.pl\/\",\"name\":\"Fundacja Zoo Wroc\u0142aw DODO\",\"description\":\"\",\"potentialAction\":[{\"@type\":\"SearchAction\",\"target\":{\"@type\":\"EntryPoint\",\"urlTemplate\":\"https:\/\/stara.fundacjadodo.soodev.pl\/?s={search_term_string}\"},\"query-input\":\"required name=search_term_string\"}],\"inLanguage\":\"en-US\"}]}<\/script>\n<!-- \/ Yoast SEO plugin. -->","yoast_head_json":{"title":"Euroasian lynx conservation program in Poland - Fundacja Zoo Wroc\u0142aw DODO","robots":{"index":"index","follow":"follow","max-snippet":"max-snippet:-1","max-image-preview":"max-image-preview:large","max-video-preview":"max-video-preview:-1"},"canonical":"https:\/\/stara.fundacjadodo.soodev.pl\/en\/projekt\/rys-euroazjatycki-ochrona\/","og_locale":"en_US","og_type":"article","og_title":"Euroasian lynx conservation program in Poland - Fundacja Zoo Wroc\u0142aw DODO","og_description":"[vc_row css=&#8221;.vc_custom_1599733813307{margin-bottom: -100px !important;}&#8221;][vc_column][vc_column_text]Species name: EUROASIAN LYNX Scientific name: Lynx lynx Country: Poland Project website: www.polskiwilk.org.pl\/rys &nbsp; The largest cat in Europe inhabits only a few areas of Poland. It is estimated that there are no more than 220 lynxes in Poland.[\/vc_column_text][vc_empty_space height=&#8221;50px&#8221;][vc_row_inner content_placement=&#8221;middle&#8221;][vc_column_inner width=&#8221;1\/2&#8243;][vc_column_text]They are found mainly in the Carpathians and the Carpathian Foothills","og_url":"https:\/\/stara.fundacjadodo.soodev.pl\/projekt\/rys-euroazjatycki-ochrona\/","og_site_name":"Fundacja Zoo Wroc\u0142aw DODO","article_modified_time":"2020-12-08T22:51:43+00:00","og_image":[{"width":1024,"height":1024,"url":"https:\/\/stara.fundacjadodo.soodev.pl\/wp-content\/uploads\/2020\/09\/eurasian-lynx-kafelek-1024x1024.png","type":"image\/png"}],"twitter_card":"summary_large_image","twitter_misc":{"Est. reading time":"2 minutes"},"schema":{"@context":"https:\/\/schema.org","@graph":[{"@type":"WebPage","@id":"https:\/\/stara.fundacjadodo.soodev.pl\/projekt\/rys-euroazjatycki-ochrona\/","url":"https:\/\/stara.fundacjadodo.soodev.pl\/projekt\/rys-euroazjatycki-ochrona\/","name":"Euroasian lynx conservation program in Poland - Fundacja Zoo Wroc\u0142aw DODO","isPartOf":{"@id":"https:\/\/stara.fundacjadodo.soodev.pl\/#website"},"datePublished":"2020-09-14T14:42:03+00:00","dateModified":"2020-12-08T22:51:43+00:00","breadcrumb":{"@id":"https:\/\/stara.fundacjadodo.soodev.pl\/projekt\/rys-euroazjatycki-ochrona\/#breadcrumb"},"inLanguage":"en-US","potentialAction":[{"@type":"ReadAction","target":["https:\/\/stara.fundacjadodo.soodev.pl\/projekt\/rys-euroazjatycki-ochrona\/"]}]},{"@type":"BreadcrumbList","@id":"https:\/\/stara.fundacjadodo.soodev.pl\/projekt\/rys-euroazjatycki-ochrona\/#breadcrumb","itemListElement":[{"@type":"ListItem","position":1,"name":"Home","item":"https:\/\/stara.fundacjadodo.soodev.pl\/en\/"},{"@type":"ListItem","position":2,"name":"Project","item":"https:\/\/stara.fundacjadodo.soodev.pl\/en\/project\/"},{"@type":"ListItem","position":3,"name":"Euroasian lynx conservation program in Poland"}]},{"@type":"WebSite","@id":"https:\/\/stara.fundacjadodo.soodev.pl\/#website","url":"https:\/\/stara.fundacjadodo.soodev.pl\/","name":"Fundacja Zoo Wroc\u0142aw DODO","description":"","potentialAction":[{"@type":"SearchAction","target":{"@type":"EntryPoint","urlTemplate":"https:\/\/stara.fundacjadodo.soodev.pl\/?s={search_term_string}"},"query-input":"required name=search_term_string"}],"inLanguage":"en-US"}]}},"post_mailing_queue_ids":[],"_links":{"self":[{"href":"https:\/\/stara.fundacjadodo.soodev.pl\/en\/wp-json\/wp\/v2\/product\/3530","targetHints":{"allow":["GET"]}}],"collection":[{"href":"https:\/\/stara.fundacjadodo.soodev.pl\/en\/wp-json\/wp\/v2\/product"}],"about":[{"href":"https:\/\/stara.fundacjadodo.soodev.pl\/en\/wp-json\/wp\/v2\/types\/product"}],"wp:featuredmedia":[{"embeddable":true,"href":"https:\/\/stara.fundacjadodo.soodev.pl\/en\/wp-json\/wp\/v2\/media\/4703"}],"wp:attachment":[{"href":"https:\/\/stara.fundacjadodo.soodev.pl\/en\/wp-json\/wp\/v2\/media?parent=3530"}],"curies":[{"name":"wp","href":"https:\/\/api.w.org\/{rel}","templated":true}]}}