{"id":3531,"date":"2020-09-14T14:51:31","date_gmt":"2020-11-20T14:51:31","guid":{"rendered":"http:\/\/fundacjadodo.pl\/pl\/product\/projekt-ratowania-zwierzat-z-pozarow-w-australii\/"},"modified":"2020-12-08T18:05:49","modified_gmt":"2020-12-08T18:05:49","slug":"australia-bushfire","status":"publish","type":"product","link":"https:\/\/stara.fundacjadodo.soodev.pl\/en\/project\/australia-bushfire\/","title":{"rendered":"Fundraiser for Australian animals affected by the bushfire"},"content":{"rendered":"<p>[vc_row css=&#8221;.vc_custom_1599733813307{margin-bottom: -100px !important;}&#8221;][vc_column][vc_column_text]Project: <strong>FUNDRAISER FOR AUSTRALIAN ANIMALS AFFECTED BY THE BUSHFIRE<\/strong><\/p>\n<p>Country: <span data-sheets-value=\"{&quot;1&quot;:2,&quot;2&quot;:&quot;Indonezja Jawa&quot;}\" data-sheets-userformat=\"{&quot;2&quot;:15229,&quot;3&quot;:{&quot;1&quot;:0},&quot;5&quot;:{&quot;1&quot;:[{&quot;1&quot;:2,&quot;2&quot;:0,&quot;5&quot;:{&quot;1&quot;:2,&quot;2&quot;:0}},{&quot;1&quot;:0,&quot;2&quot;:0,&quot;3&quot;:3},{&quot;1&quot;:1,&quot;2&quot;:0,&quot;4&quot;:1}]},&quot;6&quot;:{&quot;1&quot;:[{&quot;1&quot;:2,&quot;2&quot;:0,&quot;5&quot;:{&quot;1&quot;:2,&quot;2&quot;:0}},{&quot;1&quot;:0,&quot;2&quot;:0,&quot;3&quot;:3},{&quot;1&quot;:1,&quot;2&quot;:0,&quot;4&quot;:1}]},&quot;7&quot;:{&quot;1&quot;:[{&quot;1&quot;:2,&quot;2&quot;:0,&quot;5&quot;:{&quot;1&quot;:2,&quot;2&quot;:0}},{&quot;1&quot;:0,&quot;2&quot;:0,&quot;3&quot;:3},{&quot;1&quot;:1,&quot;2&quot;:0,&quot;4&quot;:1}]},&quot;8&quot;:{&quot;1&quot;:[{&quot;1&quot;:2,&quot;2&quot;:0,&quot;5&quot;:{&quot;1&quot;:2,&quot;2&quot;:0}},{&quot;1&quot;:0,&quot;2&quot;:0,&quot;3&quot;:3},{&quot;1&quot;:1,&quot;2&quot;:0,&quot;4&quot;:1}]},&quot;9&quot;:0,&quot;11&quot;:4,&quot;12&quot;:0,&quot;14&quot;:{&quot;1&quot;:2,&quot;2&quot;:0},&quot;15&quot;:&quot;Arial&quot;,&quot;16&quot;:11}\">Australia<\/span><\/p>\n<p>Project website: <a href=\"https:\/\/www.zoo.org.au\/fire-fund\/\">www.zoo.org.au\/fire-fund\/<\/a><\/p>\n<p>&nbsp;<\/p>\n<p>The fires have probably contributed to the extinction of Kangaroo Island dunnart (<em>Sminthiopsis aitkeni<\/em>) on Kangaroo Island &#8211; tiny marsupials storing fat in the tail, or the glossy black cockatoo (<em>Calyptorhynchus lathami halmaturinus<\/em>) &#8211; a beautiful bird from the cockatoo family.<\/p>\n<p>The surviving animals need veterinary care and food. Bush: its vegetation and the insects that inhabit it, will not recover quickly!<\/p>\n<p>The employees of Zoos Victoria rushed to help the animals. They are the veterinarians, the keepers of wild animals, who know best how to deal with burned wild animals. We want to help them by donating funds to the Bushfire Emergency Wildlife Fund![\/vc_column_text][vc_empty_space height=&#8221;50px&#8221;][vc_row_inner content_placement=&#8221;middle&#8221;][vc_column_inner width=&#8221;1\/2&#8243;][vc_column_text]For this purpose, together with Zoo Wroc\u0142aw, we organized <a href=\"https:\/\/zrzutka.pl\/jky3ck\">a fundraiser<\/a>, during which we managed to collect PLN 166,588, which we donated in full to the Bushfire Emergency Wildlife Fund.[\/vc_column_text][\/vc_column_inner][vc_column_inner width=&#8221;1\/2&#8243;][vc_single_image image=&#8221;4658&#8243; img_size=&#8221;large&#8221; alignment=&#8221;center&#8221;][\/vc_column_inner][\/vc_row_inner][vc_empty_space height=&#8221;50px&#8221;][vc_row_inner content_placement=&#8221;middle&#8221; disable_element=&#8221;yes&#8221;][vc_column_inner width=&#8221;1\/4&#8243;][vc_single_image image=&#8221;4660&#8243; img_size=&#8221;large&#8221; alignment=&#8221;center&#8221;][\/vc_column_inner][vc_column_inner width=&#8221;3\/4&#8243;][vc_column_text]<\/p>\n<div dir=\"auto\">To jest Blinky Bill. Uratowana z po\u017caru samiczka, kt\u00f3ra straci\u0142a mam\u0119, znaleziona zosta\u0142a w pobli\u017cu Mallacoota, obszarze, kt\u00f3ry ca\u0142kowicie sp\u0142on\u0105\u0142. To zdj\u0119cie zosta\u0142o zrobione w\u0142a\u015bnie w tym miejscu. Blinky Bill nie mog\u0142a ju\u017c \u017cerowa\u0107 w tym miejscu, gdy\u017c wszystko co mog\u0142a je\u015b\u0107 po prostu sp\u0142on\u0119\u0142o. Pomoc, kt\u00f3r\u0105 b\u0119dzie trzeba organizowa\u0107 dla miejsc, zwierz\u0105t i ro\u015blinno\u015bci Australii, po tym, co si\u0119 tam wydarzy\u0142o, to d\u0142ugoterminowy plan dzia\u0142a\u0144.<\/div>\n<p>[\/vc_column_text][\/vc_column_inner][\/vc_row_inner][vc_empty_space height=&#8221;50px&#8221;][vc_row_inner][vc_column_inner width=&#8221;1\/2&#8243;][vc_video link=&#8221;https:\/\/www.youtube.com\/watch?v=8vDi7ipqwIc&amp;feature=emb_title&#8221; align=&#8221;center&#8221;][\/vc_column_inner][vc_column_inner width=&#8221;1\/2&#8243;][vc_video link=&#8221;https:\/\/www.youtube.com\/watch?v=V5YcnBCSI84&amp;feature=emb_title&#8221; align=&#8221;center&#8221;][\/vc_column_inner][\/vc_row_inner][vc_empty_space height=&#8221;50px&#8221;][vc_row_inner][vc_column_inner][vc_media_grid element_width=&#8221;3&#8243; gap=&#8221;15&#8243; grid_id=&#8221;vc_gid:1607450277913-3dc63a26-29cd-9&#8243; include=&#8221;2744,4652,4654,4656&#8243;][\/vc_column_inner][\/vc_row_inner][vc_empty_space height=&#8221;50px&#8221;][vc_empty_space height=&#8221;50px&#8221;][\/vc_column][\/vc_row]<\/p>\n","protected":false},"excerpt":{"rendered":"<p>[vc_row css=&#8221;.vc_custom_1599733813307{margin-bottom: -100px !important;}&#8221;][vc_column][vc_column_text]Project: FUNDRAISER FOR AUSTRALIAN ANIMALS AFFECTED BY THE BUSHFIRE Country: Australia Project website: www.zoo.org.au\/fire-fund\/ &nbsp; The fires have probably contributed to the extinction of Kangaroo Island dunnart (Sminthiopsis aitkeni) on Kangaroo Island &#8211; tiny marsupials storing fat in the tail, or the glossy black cockatoo (Calyptorhynchus lathami halmaturinus) &#8211; a beautiful bird<\/p>\n","protected":false},"featured_media":4664,"template":"","meta":{"_mo_disable_npp":"","_monsterinsights_skip_tracking":false,"_monsterinsights_sitenote_active":false,"_monsterinsights_sitenote_note":"","_monsterinsights_sitenote_category":0},"class_list":["post-3531","product","type-product","status-publish","has-post-thumbnail","hentry","product_cat-animals"],"yoast_head":"<!-- This site is optimized with the Yoast SEO plugin v22.0 - https:\/\/yoast.com\/wordpress\/plugins\/seo\/ -->\n<title>Fundraiser for Australian animals affected by the bushfire - Fundacja Zoo Wroc\u0142aw DODO<\/title>\n<meta name=\"robots\" content=\"index, follow, max-snippet:-1, max-image-preview:large, max-video-preview:-1\" \/>\n<link rel=\"canonical\" href=\"https:\/\/stara.fundacjadodo.soodev.pl\/en\/projekt\/pozary-australia\/\" \/>\n<meta property=\"og:locale\" content=\"en_US\" \/>\n<meta property=\"og:type\" content=\"article\" \/>\n<meta property=\"og:title\" content=\"Fundraiser for Australian animals affected by the bushfire - Fundacja Zoo Wroc\u0142aw DODO\" \/>\n<meta property=\"og:description\" content=\"[vc_row css=&#8221;.vc_custom_1599733813307{margin-bottom: -100px !important;}&#8221;][vc_column][vc_column_text]Project: FUNDRAISER FOR AUSTRALIAN ANIMALS AFFECTED BY THE BUSHFIRE Country: Australia Project website: www.zoo.org.au\/fire-fund\/ &nbsp; The fires have probably contributed to the extinction of Kangaroo Island dunnart (Sminthiopsis aitkeni) on Kangaroo Island &#8211; tiny marsupials storing fat in the tail, or the glossy black cockatoo (Calyptorhynchus lathami halmaturinus) &#8211; a beautiful bird\" \/>\n<meta property=\"og:url\" content=\"https:\/\/stara.fundacjadodo.soodev.pl\/projekt\/pozary-australia\/\" \/>\n<meta property=\"og:site_name\" content=\"Fundacja Zoo Wroc\u0142aw DODO\" \/>\n<meta property=\"article:modified_time\" content=\"2020-12-08T18:05:49+00:00\" \/>\n<meta property=\"og:image\" content=\"https:\/\/stara.fundacjadodo.soodev.pl\/wp-content\/uploads\/2020\/09\/australian-bushfire-kafelek.png\" \/>\n\t<meta property=\"og:image:width\" content=\"1600\" \/>\n\t<meta property=\"og:image:height\" content=\"1600\" \/>\n\t<meta property=\"og:image:type\" content=\"image\/png\" \/>\n<meta name=\"twitter:card\" content=\"summary_large_image\" \/>\n<meta name=\"twitter:label1\" content=\"Est. reading time\" \/>\n\t<meta name=\"twitter:data1\" content=\"2 minutes\" \/>\n<script type=\"application\/ld+json\" class=\"yoast-schema-graph\">{\"@context\":\"https:\/\/schema.org\",\"@graph\":[{\"@type\":\"WebPage\",\"@id\":\"https:\/\/stara.fundacjadodo.soodev.pl\/projekt\/pozary-australia\/\",\"url\":\"https:\/\/stara.fundacjadodo.soodev.pl\/projekt\/pozary-australia\/\",\"name\":\"Fundraiser for Australian animals affected by the bushfire - Fundacja Zoo Wroc\u0142aw DODO\",\"isPartOf\":{\"@id\":\"https:\/\/stara.fundacjadodo.soodev.pl\/#website\"},\"datePublished\":\"2020-11-20T14:51:31+00:00\",\"dateModified\":\"2020-12-08T18:05:49+00:00\",\"breadcrumb\":{\"@id\":\"https:\/\/stara.fundacjadodo.soodev.pl\/projekt\/pozary-australia\/#breadcrumb\"},\"inLanguage\":\"en-US\",\"potentialAction\":[{\"@type\":\"ReadAction\",\"target\":[\"https:\/\/stara.fundacjadodo.soodev.pl\/projekt\/pozary-australia\/\"]}]},{\"@type\":\"BreadcrumbList\",\"@id\":\"https:\/\/stara.fundacjadodo.soodev.pl\/projekt\/pozary-australia\/#breadcrumb\",\"itemListElement\":[{\"@type\":\"ListItem\",\"position\":1,\"name\":\"Home\",\"item\":\"https:\/\/stara.fundacjadodo.soodev.pl\/en\/\"},{\"@type\":\"ListItem\",\"position\":2,\"name\":\"Project\",\"item\":\"https:\/\/stara.fundacjadodo.soodev.pl\/en\/project\/\"},{\"@type\":\"ListItem\",\"position\":3,\"name\":\"Fundraiser for Australian animals affected by the bushfire\"}]},{\"@type\":\"WebSite\",\"@id\":\"https:\/\/stara.fundacjadodo.soodev.pl\/#website\",\"url\":\"https:\/\/stara.fundacjadodo.soodev.pl\/\",\"name\":\"Fundacja Zoo Wroc\u0142aw DODO\",\"description\":\"\",\"potentialAction\":[{\"@type\":\"SearchAction\",\"target\":{\"@type\":\"EntryPoint\",\"urlTemplate\":\"https:\/\/stara.fundacjadodo.soodev.pl\/?s={search_term_string}\"},\"query-input\":\"required name=search_term_string\"}],\"inLanguage\":\"en-US\"}]}<\/script>\n<!-- \/ Yoast SEO plugin. -->","yoast_head_json":{"title":"Fundraiser for Australian animals affected by the bushfire - Fundacja Zoo Wroc\u0142aw DODO","robots":{"index":"index","follow":"follow","max-snippet":"max-snippet:-1","max-image-preview":"max-image-preview:large","max-video-preview":"max-video-preview:-1"},"canonical":"https:\/\/stara.fundacjadodo.soodev.pl\/en\/projekt\/pozary-australia\/","og_locale":"en_US","og_type":"article","og_title":"Fundraiser for Australian animals affected by the bushfire - Fundacja Zoo Wroc\u0142aw DODO","og_description":"[vc_row css=&#8221;.vc_custom_1599733813307{margin-bottom: -100px !important;}&#8221;][vc_column][vc_column_text]Project: FUNDRAISER FOR AUSTRALIAN ANIMALS AFFECTED BY THE BUSHFIRE Country: Australia Project website: www.zoo.org.au\/fire-fund\/ &nbsp; The fires have probably contributed to the extinction of Kangaroo Island dunnart (Sminthiopsis aitkeni) on Kangaroo Island &#8211; tiny marsupials storing fat in the tail, or the glossy black cockatoo (Calyptorhynchus lathami halmaturinus) &#8211; a beautiful bird","og_url":"https:\/\/stara.fundacjadodo.soodev.pl\/projekt\/pozary-australia\/","og_site_name":"Fundacja Zoo Wroc\u0142aw DODO","article_modified_time":"2020-12-08T18:05:49+00:00","og_image":[{"width":1600,"height":1600,"url":"https:\/\/stara.fundacjadodo.soodev.pl\/wp-content\/uploads\/2020\/09\/australian-bushfire-kafelek.png","type":"image\/png"}],"twitter_card":"summary_large_image","twitter_misc":{"Est. reading time":"2 minutes"},"schema":{"@context":"https:\/\/schema.org","@graph":[{"@type":"WebPage","@id":"https:\/\/stara.fundacjadodo.soodev.pl\/projekt\/pozary-australia\/","url":"https:\/\/stara.fundacjadodo.soodev.pl\/projekt\/pozary-australia\/","name":"Fundraiser for Australian animals affected by the bushfire - Fundacja Zoo Wroc\u0142aw DODO","isPartOf":{"@id":"https:\/\/stara.fundacjadodo.soodev.pl\/#website"},"datePublished":"2020-11-20T14:51:31+00:00","dateModified":"2020-12-08T18:05:49+00:00","breadcrumb":{"@id":"https:\/\/stara.fundacjadodo.soodev.pl\/projekt\/pozary-australia\/#breadcrumb"},"inLanguage":"en-US","potentialAction":[{"@type":"ReadAction","target":["https:\/\/stara.fundacjadodo.soodev.pl\/projekt\/pozary-australia\/"]}]},{"@type":"BreadcrumbList","@id":"https:\/\/stara.fundacjadodo.soodev.pl\/projekt\/pozary-australia\/#breadcrumb","itemListElement":[{"@type":"ListItem","position":1,"name":"Home","item":"https:\/\/stara.fundacjadodo.soodev.pl\/en\/"},{"@type":"ListItem","position":2,"name":"Project","item":"https:\/\/stara.fundacjadodo.soodev.pl\/en\/project\/"},{"@type":"ListItem","position":3,"name":"Fundraiser for Australian animals affected by the bushfire"}]},{"@type":"WebSite","@id":"https:\/\/stara.fundacjadodo.soodev.pl\/#website","url":"https:\/\/stara.fundacjadodo.soodev.pl\/","name":"Fundacja Zoo Wroc\u0142aw DODO","description":"","potentialAction":[{"@type":"SearchAction","target":{"@type":"EntryPoint","urlTemplate":"https:\/\/stara.fundacjadodo.soodev.pl\/?s={search_term_string}"},"query-input":"required name=search_term_string"}],"inLanguage":"en-US"}]}},"post_mailing_queue_ids":[],"_links":{"self":[{"href":"https:\/\/stara.fundacjadodo.soodev.pl\/en\/wp-json\/wp\/v2\/product\/3531","targetHints":{"allow":["GET"]}}],"collection":[{"href":"https:\/\/stara.fundacjadodo.soodev.pl\/en\/wp-json\/wp\/v2\/product"}],"about":[{"href":"https:\/\/stara.fundacjadodo.soodev.pl\/en\/wp-json\/wp\/v2\/types\/product"}],"wp:featuredmedia":[{"embeddable":true,"href":"https:\/\/stara.fundacjadodo.soodev.pl\/en\/wp-json\/wp\/v2\/media\/4664"}],"wp:attachment":[{"href":"https:\/\/stara.fundacjadodo.soodev.pl\/en\/wp-json\/wp\/v2\/media?parent=3531"}],"curies":[{"name":"wp","href":"https:\/\/api.w.org\/{rel}","templated":true}]}}