{"id":4851,"date":"2020-12-11T10:47:18","date_gmt":"2020-12-11T10:47:18","guid":{"rendered":"http:\/\/fundacjadodo.pl\/?post_type=product&#038;p=4851"},"modified":"2020-12-11T15:32:50","modified_gmt":"2020-12-11T15:32:50","slug":"scimitar-horned-oryx","status":"publish","type":"product","link":"https:\/\/stara.fundacjadodo.soodev.pl\/en\/project\/scimitar-horned-oryx\/","title":{"rendered":"Scimitar-horned oryx conservation program"},"content":{"rendered":"<p>[vc_row css=&#8221;.vc_custom_1599733813307{margin-bottom: -100px !important;}&#8221;][vc_column][vc_column_text]Species name: <strong>ORYKS SZABLOROGI<\/strong><br \/>\nScientific name: <strong><em>Oryx dammah<\/em><\/strong><\/p>\n<p>Country: Tunisia<\/p>\n<p>Project website: <span data-sheets-value=\"{&quot;1&quot;:2,&quot;2&quot;:&quot;www.okapiconservation.org&quot;}\" data-sheets-userformat=\"{&quot;2&quot;:277373,&quot;3&quot;:{&quot;1&quot;:0},&quot;5&quot;:{&quot;1&quot;:[{&quot;1&quot;:2,&quot;2&quot;:0,&quot;5&quot;:{&quot;1&quot;:2,&quot;2&quot;:0}},{&quot;1&quot;:0,&quot;2&quot;:0,&quot;3&quot;:3},{&quot;1&quot;:1,&quot;2&quot;:0,&quot;4&quot;:1}]},&quot;6&quot;:{&quot;1&quot;:[{&quot;1&quot;:2,&quot;2&quot;:0,&quot;5&quot;:{&quot;1&quot;:2,&quot;2&quot;:0}},{&quot;1&quot;:0,&quot;2&quot;:0,&quot;3&quot;:3},{&quot;1&quot;:1,&quot;2&quot;:0,&quot;4&quot;:1}]},&quot;7&quot;:{&quot;1&quot;:[{&quot;1&quot;:2,&quot;2&quot;:0,&quot;5&quot;:{&quot;1&quot;:2,&quot;2&quot;:0}},{&quot;1&quot;:0,&quot;2&quot;:0,&quot;3&quot;:3},{&quot;1&quot;:1,&quot;2&quot;:0,&quot;4&quot;:1}]},&quot;8&quot;:{&quot;1&quot;:[{&quot;1&quot;:2,&quot;2&quot;:0,&quot;5&quot;:{&quot;1&quot;:2,&quot;2&quot;:0}},{&quot;1&quot;:0,&quot;2&quot;:0,&quot;3&quot;:3},{&quot;1&quot;:1,&quot;2&quot;:0,&quot;4&quot;:1}]},&quot;9&quot;:0,&quot;11&quot;:4,&quot;12&quot;:0,&quot;14&quot;:{&quot;1&quot;:2,&quot;2&quot;:0},&quot;15&quot;:&quot;Arial&quot;,&quot;16&quot;:11,&quot;21&quot;:1}\" data-sheets-hyperlink=\"http:\/\/www.okapiconservation.org\"><a class=\"in-cell-link\" href=\"https:\/\/www.marwell.org.uk\/conservation\/action\/species-listing\/scimitar-horned-oryx\" target=\"_blank\" rel=\"noopener noreferrer\">www.marwell.org.uk\/conservation<\/a><\/span><\/p>\n<p>&nbsp;<\/p>\n<p>The scimitar-horned oryx (<em>Oryx dammah<\/em>) was first described 190 years ago, in 1826 and in 2000 it was classified as extinct in the wild (IUCN category EW). The last, wild scimitar-horned oryx was killed for a trophy &#8211; for its horns &#8230;[\/vc_column_text][vc_empty_space height=&#8221;50px&#8221;][vc_row_inner content_placement=&#8221;middle&#8221;][vc_column_inner width=&#8221;1\/2&#8243;][vc_column_text]Before the Europeans conquered Africa, the scimitar-horned oryx was a common species in the semi-arid and desert areas of North Africa. For centuries, they were part of the environment that enabled the indigenous people to survive. However, they used them to a limited extent, thanks to which the oryx population was kept at a constant level. Only the fashion for hunting for trophies brought doom to these antelopes. One of the characteristic features of oryx are 1.2 m long, scimitar-like bent horns, which have become the object of desire of hunters mainly from Europe and America.[\/vc_column_text][\/vc_column_inner][vc_column_inner width=&#8221;1\/2&#8243;][vc_single_image image=&#8221;4861&#8243; img_size=&#8221;large&#8221; alignment=&#8221;center&#8221;][\/vc_column_inner][\/vc_row_inner][vc_empty_space height=&#8221;50px&#8221;][vc_row_inner content_placement=&#8221;middle&#8221;][vc_column_inner width=&#8221;1\/2&#8243;][vc_single_image image=&#8221;4855&#8243; img_size=&#8221;large&#8221; alignment=&#8221;center&#8221;][\/vc_column_inner][vc_column_inner width=&#8221;1\/2&#8243;][vc_column_text]However, beyond the horns, the oryx has many more advantages that nature has endowed it with and that allow it to survive in the extreme conditions. Few people know that it is better adapted to a water-poor environment than most animal species, including the camel. A camel can do without water for about two weeks, oryx even several times longer. This is due to two adaptive features &#8211; the ability to control kidney function and regulate body temperature, which can rise up to 46 degrees Celsius.<\/p>\n<p>The scimitar-horned oryx is almost entirely white with a rusty brown neck and rump. It reaches a height of about 1.2 m at the shoulder. It feeds on foliage, grass, succulent plants and plant parts.<\/p>\n<p>It lives in herds of several individuals of both sexes. After about eight months of pregnancy, the female gives birth to only one young.[\/vc_column_text][\/vc_column_inner][\/vc_row_inner][vc_empty_space height=&#8221;50px&#8221;][vc_row_inner][vc_column_inner width=&#8221;1\/2&#8243;][vc_column_text]The species survived thanks to private Arabian sheikh farms and zoos around the world. The struggle to save this species has been going on for almost 20 years. In Africa, reintroduction is carried out. The oryx was released in four protected areas in Tunisia and one in Senegal. There is also an ambitious project to restore the species to Ouadi-Rim\u00e9-Ouadi Achim Faunal Reserve in Chad run by the Sahara Conservation Fund, the Environmental Protection Agency &#8211; Abu Dhabi and the government of Chad.[\/vc_column_text][\/vc_column_inner][vc_column_inner width=&#8221;1\/2&#8243;][vc_single_image image=&#8221;4876&#8243; img_size=&#8221;large&#8221; alignment=&#8221;center&#8221;][\/vc_column_inner][\/vc_row_inner][vc_empty_space height=&#8221;50px&#8221;][\/vc_column][\/vc_row][vc_row][vc_column][vc_column_text]<\/p>\n<h2>What we do<\/h2>\n<p>We financially support Marwell Wildlife, a charity at Marwell Zoo in the UK that runs a zoo scimitar-horned oryx breeding program and a reintroduction project in Tunisia. Thanks to their efforts, there are now around 200 zoo-born oryx living in protected areas in Tunisia.[\/vc_column_text][vc_empty_space height=&#8221;50px&#8221;][vc_row_inner content_placement=&#8221;middle&#8221;][vc_column_inner width=&#8221;1\/2&#8243;][vc_single_image image=&#8221;4865&#8243; img_size=&#8221;large&#8221; alignment=&#8221;center&#8221;][\/vc_column_inner][vc_column_inner width=&#8221;1\/2&#8243;][vc_column_text]The reintroductions began in 1985 with 10 oryx from Marwell and Edinburgh Zoo (co-ordinated by ZSL). These were released into Bou-Hedma National Park. In 1999 and 2007, Marwell co-ordinated the release of the scimitar-horned oryx from various European collections into different protected areas in Tunisia. Reintroductions involve various organisations, are costly, complex and require a lot of expertise along with global collaboration.[\/vc_column_text][\/vc_column_inner][\/vc_row_inner][vc_empty_space height=&#8221;50px&#8221;][vc_row_inner][vc_column_inner width=&#8221;1\/2&#8243;][vc_column_text]Since the first release of scimitar-horned oryx in Tunisia\u2019s Bou-Hedma National Park in 1985, and the subsequent Djerba Declaration in 1998, Marwell Wildlife has collaborated in a long-term partnership with the Tunisian Direction G\u00e9n\u00e9rale des For\u00eats (DGF) to restore antelopes and their arid ecosystems in Tunisia.<\/p>\n<p>Now their actions focus on the management of the Tunisian meta-population of scimitar-horned oryx, addressing questions that affect their long-term viability and how to sustain these herds within the available habitat. This includes ongoing monitoring of animal health, oryx population performance and the wider environment, while carrying out research on the ecology and genetics of reintroduced herds.[\/vc_column_text][\/vc_column_inner][vc_column_inner width=&#8221;1\/2&#8243;][vc_single_image image=&#8221;4863&#8243; img_size=&#8221;large&#8221; alignment=&#8221;center&#8221;][\/vc_column_inner][\/vc_row_inner][vc_empty_space height=&#8221;50px&#8221;][vc_row_inner][vc_column_inner][vc_media_grid element_width=&#8221;3&#8243; gap=&#8221;15&#8243; grid_id=&#8221;vc_gid:1607700746086-85e06239-23b3-8&#8243; include=&#8221;4869,4871,4873,4875&#8243;][\/vc_column_inner][\/vc_row_inner][vc_empty_space height=&#8221;50px&#8221;][vc_empty_space height=&#8221;50px&#8221;][\/vc_column][\/vc_row]<\/p>\n","protected":false},"excerpt":{"rendered":"<p>[vc_row css=&#8221;.vc_custom_1599733813307{margin-bottom: -100px !important;}&#8221;][vc_column][vc_column_text]Species name: ORYKS SZABLOROGI Scientific name: Oryx dammah Country: Tunisia Project website: www.marwell.org.uk\/conservation &nbsp; The scimitar-horned oryx (Oryx dammah) was first described 190 years ago, in 1826 and in 2000 it was classified as extinct in the wild (IUCN category EW). The last, wild scimitar-horned oryx was killed for a trophy &#8211;<\/p>\n","protected":false},"featured_media":4857,"template":"","meta":{"_mo_disable_npp":"","_monsterinsights_skip_tracking":false,"_monsterinsights_sitenote_active":false,"_monsterinsights_sitenote_note":"","_monsterinsights_sitenote_category":0},"class_list":["post-4851","product","type-product","status-publish","has-post-thumbnail","hentry","product_cat-animals","product_tag-afryka-en"],"yoast_head":"<!-- This site is optimized with the Yoast SEO plugin v22.0 - https:\/\/yoast.com\/wordpress\/plugins\/seo\/ -->\n<title>Scimitar-horned oryx conservation program - Fundacja Zoo Wroc\u0142aw DODO<\/title>\n<meta name=\"description\" content=\"The scimitar-horned oryx was first described in 1826 and in 2000 it was classified as extinct in the wild. The last, wild scimitar-horned oryx was killed for a trophy - for its horns ...\" \/>\n<meta name=\"robots\" content=\"index, follow, max-snippet:-1, max-image-preview:large, max-video-preview:-1\" \/>\n<link rel=\"canonical\" href=\"https:\/\/stara.fundacjadodo.soodev.pl\/en\/projekt\/oryks-szablorogi\/\" \/>\n<meta property=\"og:locale\" content=\"en_US\" \/>\n<meta property=\"og:type\" content=\"article\" \/>\n<meta property=\"og:title\" content=\"Scimitar-horned oryx conservation program - Fundacja Zoo Wroc\u0142aw DODO\" \/>\n<meta property=\"og:description\" content=\"The scimitar-horned oryx was first described in 1826 and in 2000 it was classified as extinct in the wild. The last, wild scimitar-horned oryx was killed for a trophy - for its horns ...\" \/>\n<meta property=\"og:url\" content=\"https:\/\/stara.fundacjadodo.soodev.pl\/projekt\/oryks-szablorogi\/\" \/>\n<meta property=\"og:site_name\" content=\"Fundacja Zoo Wroc\u0142aw DODO\" \/>\n<meta property=\"article:modified_time\" content=\"2020-12-11T15:32:50+00:00\" \/>\n<meta property=\"og:image\" content=\"https:\/\/stara.fundacjadodo.soodev.pl\/wp-content\/uploads\/2020\/12\/scimitar-horned-oryx-conservation-program-kafelek-1024x1024.png\" \/>\n\t<meta property=\"og:image:width\" content=\"1024\" \/>\n\t<meta property=\"og:image:height\" content=\"1024\" \/>\n\t<meta property=\"og:image:type\" content=\"image\/png\" \/>\n<meta name=\"twitter:card\" content=\"summary_large_image\" \/>\n<meta name=\"twitter:label1\" content=\"Est. reading time\" \/>\n\t<meta name=\"twitter:data1\" content=\"4 minutes\" \/>\n<script type=\"application\/ld+json\" class=\"yoast-schema-graph\">{\"@context\":\"https:\/\/schema.org\",\"@graph\":[{\"@type\":\"WebPage\",\"@id\":\"https:\/\/stara.fundacjadodo.soodev.pl\/projekt\/oryks-szablorogi\/\",\"url\":\"https:\/\/stara.fundacjadodo.soodev.pl\/projekt\/oryks-szablorogi\/\",\"name\":\"Scimitar-horned oryx conservation program - Fundacja Zoo Wroc\u0142aw DODO\",\"isPartOf\":{\"@id\":\"https:\/\/stara.fundacjadodo.soodev.pl\/#website\"},\"datePublished\":\"2020-12-11T10:47:18+00:00\",\"dateModified\":\"2020-12-11T15:32:50+00:00\",\"description\":\"The scimitar-horned oryx was first described in 1826 and in 2000 it was classified as extinct in the wild. The last, wild scimitar-horned oryx was killed for a trophy - for its horns ...\",\"breadcrumb\":{\"@id\":\"https:\/\/stara.fundacjadodo.soodev.pl\/projekt\/oryks-szablorogi\/#breadcrumb\"},\"inLanguage\":\"en-US\",\"potentialAction\":[{\"@type\":\"ReadAction\",\"target\":[\"https:\/\/stara.fundacjadodo.soodev.pl\/projekt\/oryks-szablorogi\/\"]}]},{\"@type\":\"BreadcrumbList\",\"@id\":\"https:\/\/stara.fundacjadodo.soodev.pl\/projekt\/oryks-szablorogi\/#breadcrumb\",\"itemListElement\":[{\"@type\":\"ListItem\",\"position\":1,\"name\":\"Home\",\"item\":\"https:\/\/stara.fundacjadodo.soodev.pl\/en\/\"},{\"@type\":\"ListItem\",\"position\":2,\"name\":\"Project\",\"item\":\"https:\/\/stara.fundacjadodo.soodev.pl\/en\/project\/\"},{\"@type\":\"ListItem\",\"position\":3,\"name\":\"Scimitar-horned oryx conservation program\"}]},{\"@type\":\"WebSite\",\"@id\":\"https:\/\/stara.fundacjadodo.soodev.pl\/#website\",\"url\":\"https:\/\/stara.fundacjadodo.soodev.pl\/\",\"name\":\"Fundacja Zoo Wroc\u0142aw DODO\",\"description\":\"\",\"potentialAction\":[{\"@type\":\"SearchAction\",\"target\":{\"@type\":\"EntryPoint\",\"urlTemplate\":\"https:\/\/stara.fundacjadodo.soodev.pl\/?s={search_term_string}\"},\"query-input\":\"required name=search_term_string\"}],\"inLanguage\":\"en-US\"}]}<\/script>\n<!-- \/ Yoast SEO plugin. -->","yoast_head_json":{"title":"Scimitar-horned oryx conservation program - Fundacja Zoo Wroc\u0142aw DODO","description":"The scimitar-horned oryx was first described in 1826 and in 2000 it was classified as extinct in the wild. The last, wild scimitar-horned oryx was killed for a trophy - for its horns ...","robots":{"index":"index","follow":"follow","max-snippet":"max-snippet:-1","max-image-preview":"max-image-preview:large","max-video-preview":"max-video-preview:-1"},"canonical":"https:\/\/stara.fundacjadodo.soodev.pl\/en\/projekt\/oryks-szablorogi\/","og_locale":"en_US","og_type":"article","og_title":"Scimitar-horned oryx conservation program - Fundacja Zoo Wroc\u0142aw DODO","og_description":"The scimitar-horned oryx was first described in 1826 and in 2000 it was classified as extinct in the wild. The last, wild scimitar-horned oryx was killed for a trophy - for its horns ...","og_url":"https:\/\/stara.fundacjadodo.soodev.pl\/projekt\/oryks-szablorogi\/","og_site_name":"Fundacja Zoo Wroc\u0142aw DODO","article_modified_time":"2020-12-11T15:32:50+00:00","og_image":[{"width":1024,"height":1024,"url":"https:\/\/stara.fundacjadodo.soodev.pl\/wp-content\/uploads\/2020\/12\/scimitar-horned-oryx-conservation-program-kafelek-1024x1024.png","type":"image\/png"}],"twitter_card":"summary_large_image","twitter_misc":{"Est. reading time":"4 minutes"},"schema":{"@context":"https:\/\/schema.org","@graph":[{"@type":"WebPage","@id":"https:\/\/stara.fundacjadodo.soodev.pl\/projekt\/oryks-szablorogi\/","url":"https:\/\/stara.fundacjadodo.soodev.pl\/projekt\/oryks-szablorogi\/","name":"Scimitar-horned oryx conservation program - Fundacja Zoo Wroc\u0142aw DODO","isPartOf":{"@id":"https:\/\/stara.fundacjadodo.soodev.pl\/#website"},"datePublished":"2020-12-11T10:47:18+00:00","dateModified":"2020-12-11T15:32:50+00:00","description":"The scimitar-horned oryx was first described in 1826 and in 2000 it was classified as extinct in the wild. The last, wild scimitar-horned oryx was killed for a trophy - for its horns ...","breadcrumb":{"@id":"https:\/\/stara.fundacjadodo.soodev.pl\/projekt\/oryks-szablorogi\/#breadcrumb"},"inLanguage":"en-US","potentialAction":[{"@type":"ReadAction","target":["https:\/\/stara.fundacjadodo.soodev.pl\/projekt\/oryks-szablorogi\/"]}]},{"@type":"BreadcrumbList","@id":"https:\/\/stara.fundacjadodo.soodev.pl\/projekt\/oryks-szablorogi\/#breadcrumb","itemListElement":[{"@type":"ListItem","position":1,"name":"Home","item":"https:\/\/stara.fundacjadodo.soodev.pl\/en\/"},{"@type":"ListItem","position":2,"name":"Project","item":"https:\/\/stara.fundacjadodo.soodev.pl\/en\/project\/"},{"@type":"ListItem","position":3,"name":"Scimitar-horned oryx conservation program"}]},{"@type":"WebSite","@id":"https:\/\/stara.fundacjadodo.soodev.pl\/#website","url":"https:\/\/stara.fundacjadodo.soodev.pl\/","name":"Fundacja Zoo Wroc\u0142aw DODO","description":"","potentialAction":[{"@type":"SearchAction","target":{"@type":"EntryPoint","urlTemplate":"https:\/\/stara.fundacjadodo.soodev.pl\/?s={search_term_string}"},"query-input":"required name=search_term_string"}],"inLanguage":"en-US"}]}},"post_mailing_queue_ids":[],"_links":{"self":[{"href":"https:\/\/stara.fundacjadodo.soodev.pl\/en\/wp-json\/wp\/v2\/product\/4851","targetHints":{"allow":["GET"]}}],"collection":[{"href":"https:\/\/stara.fundacjadodo.soodev.pl\/en\/wp-json\/wp\/v2\/product"}],"about":[{"href":"https:\/\/stara.fundacjadodo.soodev.pl\/en\/wp-json\/wp\/v2\/types\/product"}],"wp:featuredmedia":[{"embeddable":true,"href":"https:\/\/stara.fundacjadodo.soodev.pl\/en\/wp-json\/wp\/v2\/media\/4857"}],"wp:attachment":[{"href":"https:\/\/stara.fundacjadodo.soodev.pl\/en\/wp-json\/wp\/v2\/media?parent=4851"}],"curies":[{"name":"wp","href":"https:\/\/api.w.org\/{rel}","templated":true}]}}