{"id":6987,"date":"2020-09-12T12:44:59","date_gmt":"2020-09-12T12:44:59","guid":{"rendered":"https:\/\/fundacjadodo.pl\/project\/tygrys-sumatrzanski\/"},"modified":"2022-02-02T11:28:49","modified_gmt":"2022-02-02T11:28:49","slug":"sumatran-tiger","status":"publish","type":"product","link":"https:\/\/stara.fundacjadodo.soodev.pl\/en\/project\/sumatran-tiger\/","title":{"rendered":"Sumatran tiger conservation project"},"content":{"rendered":"<p>[vc_row css=&#8221;.vc_custom_1599733813307{margin-bottom: -100px !important;}&#8221;][vc_column][vc_column_text]Species name: <strong>SUMATRAN TIGER<\/strong><br \/>\nLatin name: <strong><em>Panthera tigris sumatrae<\/em><\/strong><\/p>\n<p>Country: Indonesia<\/p>\n<p>Project website: <a href=\"https:\/\/conservewildcats.org\/\"><span data-sheets-value=\"{&quot;1&quot;:2,&quot;2&quot;:&quot;www.hutan.org.my&quot;}\" data-sheets-userformat=\"{&quot;2&quot;:277373,&quot;3&quot;:{&quot;1&quot;:0},&quot;5&quot;:{&quot;1&quot;:[{&quot;1&quot;:2,&quot;2&quot;:0,&quot;5&quot;:{&quot;1&quot;:2,&quot;2&quot;:0}},{&quot;1&quot;:0,&quot;2&quot;:0,&quot;3&quot;:3},{&quot;1&quot;:1,&quot;2&quot;:0,&quot;4&quot;:1}]},&quot;6&quot;:{&quot;1&quot;:[{&quot;1&quot;:2,&quot;2&quot;:0,&quot;5&quot;:{&quot;1&quot;:2,&quot;2&quot;:0}},{&quot;1&quot;:0,&quot;2&quot;:0,&quot;3&quot;:3},{&quot;1&quot;:1,&quot;2&quot;:0,&quot;4&quot;:1}]},&quot;7&quot;:{&quot;1&quot;:[{&quot;1&quot;:2,&quot;2&quot;:0,&quot;5&quot;:{&quot;1&quot;:2,&quot;2&quot;:0}},{&quot;1&quot;:0,&quot;2&quot;:0,&quot;3&quot;:3},{&quot;1&quot;:1,&quot;2&quot;:0,&quot;4&quot;:1}]},&quot;8&quot;:{&quot;1&quot;:[{&quot;1&quot;:2,&quot;2&quot;:0,&quot;5&quot;:{&quot;1&quot;:2,&quot;2&quot;:0}},{&quot;1&quot;:0,&quot;2&quot;:0,&quot;3&quot;:3},{&quot;1&quot;:1,&quot;2&quot;:0,&quot;4&quot;:1}]},&quot;9&quot;:0,&quot;11&quot;:4,&quot;12&quot;:0,&quot;14&quot;:{&quot;1&quot;:2,&quot;2&quot;:0},&quot;15&quot;:&quot;Arial&quot;,&quot;16&quot;:11,&quot;21&quot;:1}\" data-sheets-hyperlink=\"http:\/\/www.hutan.org.my\">www.conservewildcats.org<\/span><\/a><\/p>\n<p>Sumatran tigers are a critically endangered species. There are only about 400 left in the wild! Unless we take action, this extremely rare big cat faces imminent extinction.[\/vc_column_text][vc_empty_space height=&#8221;32&#8243;][vc_row_inner content_placement=&#8221;middle&#8221;][vc_column_inner width=&#8221;1\/2&#8243;][vc_single_image image=&#8221;6977&#8243; img_size=&#8221;large&#8221; alignment=&#8221;center&#8221;][\/vc_column_inner][vc_column_inner width=&#8221;1\/2&#8243;][vc_column_text]The Sumatran tiger is the smallest subspecies of tigers. An adult male weighs about 140 kg, a female only 90 kg. Both the body weight and the darker and more densely spaced stripes are adaptations to life in the tropical rainforest. This species leads a solitary lifestyle, the female can be seen accompanied by the male only during the heat period and then with the offspring, which remains with the mother for 2 years. Sumatran tigers are excellent hunters, hunting large and small game (e.g., tapirs, wild pigs, deer). They feel perfectly at home in water, so fish often appear in their diet.[\/vc_column_text][\/vc_column_inner][\/vc_row_inner][vc_empty_space height=&#8221;32&#8243;][vc_row_inner content_placement=&#8221;middle&#8221;][vc_column_inner width=&#8221;1\/2&#8243;][vc_column_text]Fossils of tiger remains in China show that the species has been around for 2 million years! Unfortunately, the greatest threat to their continued survival is human activity, particularly poaching. So-called traditional Chinese medicine claims countless benefits to the consumption of wine made from tiger bones, which obviously lacks any medical basis. Tigers also fall into snares being set up en masse by poachers to hunt other animal species in Sumatra. Another threat is habitat loss and fragmentation. The natural habitat of Sumatran tigers used to be lowlands and plateaus, but due to the development of plantations in these areas (oil palm and coffee) they &#8220;retreated&#8221; to the mountainous areas of Sumatra.[\/vc_column_text][\/vc_column_inner][vc_column_inner width=&#8221;1\/2&#8243;][vc_single_image image=&#8221;6981&#8243; img_size=&#8221;large&#8221; alignment=&#8221;center&#8221;][\/vc_column_inner][\/vc_row_inner][vc_empty_space height=&#8221;65&#8243;][\/vc_column][\/vc_row][vc_row][vc_column][vc_column_text]<\/p>\n<h2><span style=\"font-weight: 400;\">What we do?<\/span><\/h2>\n<p>Together with Wroclaw Zoo we support the tiger conservation program in Sumatra in <a href=\"https:\/\/conservewildcats.org\/portfolio\/kerinci-seblat-sumatran-tiger-protection-project\/\">Kerinci Seblat National Park run by WildCats Conservation Alliance<\/a>. The park is currently home to 33% of the world&#8217;s population of these animals, so any conservation action saves this species from extinction. Thanks to our support it is possible to patrol the park, prevent poaching, remove snares (in recent years 70 poachers were arrested!). Talks are also held with local people and authorities to reduce poaching and find alternative sources of income.[\/vc_column_text][vc_media_grid element_width=&#8221;3&#8243; gap=&#8221;15&#8243; grid_id=&#8221;vc_gid:1643800628879-2d3e4b3b-cf7e-0&#8243; include=&#8221;6969,6971,6973,6975&#8243;][vc_empty_space height=&#8221;65&#8243;][vc_row_inner][vc_column_inner][vc_video link=&#8221;https:\/\/youtu.be\/lgprCiqcd5I&#8221; el_width=&#8221;90&#8243; align=&#8221;center&#8221;][\/vc_column_inner][\/vc_row_inner][vc_empty_space height=&#8221;32&#8243;][vc_row_inner][vc_column_inner][\/vc_column_inner][\/vc_row_inner][vc_empty_space height=&#8221;50px&#8221;][vc_column_text][\/vc_column_text][\/vc_column][\/vc_row]<\/p>\n","protected":false},"excerpt":{"rendered":"<p>[vc_row css=&#8221;.vc_custom_1599733813307{margin-bottom: -100px !important;}&#8221;][vc_column][vc_column_text]Species name: SUMATRAN TIGER Latin name: Panthera tigris sumatrae Country: Indonesia Project website: www.conservewildcats.org Sumatran tigers are a critically endangered species. There are only about 400 left in the wild! Unless we take action, this extremely rare big cat faces imminent extinction.[\/vc_column_text][vc_empty_space height=&#8221;32&#8243;][vc_row_inner content_placement=&#8221;middle&#8221;][vc_column_inner width=&#8221;1\/2&#8243;][vc_single_image image=&#8221;6977&#8243; img_size=&#8221;large&#8221; alignment=&#8221;center&#8221;][\/vc_column_inner][vc_column_inner width=&#8221;1\/2&#8243;][vc_column_text]The Sumatran tiger is<\/p>\n","protected":false},"featured_media":6988,"template":"","meta":{"_mo_disable_npp":"","_monsterinsights_skip_tracking":false,"_monsterinsights_sitenote_active":false,"_monsterinsights_sitenote_note":"","_monsterinsights_sitenote_category":0},"class_list":["post-6987","product","type-product","status-publish","has-post-thumbnail","hentry","product_cat-animals","product_tag-kotowate-en","product_tag-sumatra-en","product_tag-tradycyjna-medycyna-chinska-en"],"yoast_head":"<!-- This site is optimized with the Yoast SEO plugin v22.0 - https:\/\/yoast.com\/wordpress\/plugins\/seo\/ -->\n<title>Sumatran tiger conservation project - Fundacja Zoo Wroc\u0142aw DODO<\/title>\n<meta name=\"description\" content=\"Tygrysy sumatrza\u0144skie s\u0105 gatunkiem krytycznie zagro\u017conym wygini\u0119ciem. W \u015brodowisku naturalnym pozosta\u0142o ich zaledwie oko\u0142o 400! Je\u015bli nie podejmiemy dzia\u0142a\u0144, temu niezwykle rzadkiemu wielkiemu kotu grozi nieuchronne wymarcie.\" \/>\n<meta name=\"robots\" content=\"index, follow, max-snippet:-1, max-image-preview:large, max-video-preview:-1\" \/>\n<link rel=\"canonical\" href=\"https:\/\/stara.fundacjadodo.soodev.pl\/en\/projekt\/tygrys-sumatrzanski\/\" \/>\n<meta property=\"og:locale\" content=\"en_US\" \/>\n<meta property=\"og:type\" content=\"article\" \/>\n<meta property=\"og:title\" content=\"Sumatran tiger conservation project - Fundacja Zoo Wroc\u0142aw DODO\" \/>\n<meta property=\"og:description\" content=\"Tygrysy sumatrza\u0144skie s\u0105 gatunkiem krytycznie zagro\u017conym wygini\u0119ciem. W \u015brodowisku naturalnym pozosta\u0142o ich zaledwie oko\u0142o 400! Je\u015bli nie podejmiemy dzia\u0142a\u0144, temu niezwykle rzadkiemu wielkiemu kotu grozi nieuchronne wymarcie.\" \/>\n<meta property=\"og:url\" content=\"https:\/\/stara.fundacjadodo.soodev.pl\/projekt\/tygrys-sumatrzanski\/\" \/>\n<meta property=\"og:site_name\" content=\"Fundacja Zoo Wroc\u0142aw DODO\" \/>\n<meta property=\"article:modified_time\" content=\"2022-02-02T11:28:49+00:00\" \/>\n<meta property=\"og:image\" content=\"https:\/\/stara.fundacjadodo.soodev.pl\/wp-content\/uploads\/2020\/09\/sumatran-tiger-kafelek-eng.jpg\" \/>\n\t<meta property=\"og:image:width\" content=\"1600\" \/>\n\t<meta property=\"og:image:height\" content=\"1600\" \/>\n\t<meta property=\"og:image:type\" content=\"image\/jpeg\" \/>\n<meta name=\"twitter:card\" content=\"summary_large_image\" \/>\n<meta name=\"twitter:label1\" content=\"Est. reading time\" \/>\n\t<meta name=\"twitter:data1\" content=\"3 minutes\" \/>\n<script type=\"application\/ld+json\" class=\"yoast-schema-graph\">{\"@context\":\"https:\/\/schema.org\",\"@graph\":[{\"@type\":\"WebPage\",\"@id\":\"https:\/\/stara.fundacjadodo.soodev.pl\/projekt\/tygrys-sumatrzanski\/\",\"url\":\"https:\/\/stara.fundacjadodo.soodev.pl\/projekt\/tygrys-sumatrzanski\/\",\"name\":\"Sumatran tiger conservation project - Fundacja Zoo Wroc\u0142aw DODO\",\"isPartOf\":{\"@id\":\"https:\/\/stara.fundacjadodo.soodev.pl\/#website\"},\"datePublished\":\"2020-09-12T12:44:59+00:00\",\"dateModified\":\"2022-02-02T11:28:49+00:00\",\"description\":\"Tygrysy sumatrza\u0144skie s\u0105 gatunkiem krytycznie zagro\u017conym wygini\u0119ciem. W \u015brodowisku naturalnym pozosta\u0142o ich zaledwie oko\u0142o 400! Je\u015bli nie podejmiemy dzia\u0142a\u0144, temu niezwykle rzadkiemu wielkiemu kotu grozi nieuchronne wymarcie.\",\"breadcrumb\":{\"@id\":\"https:\/\/stara.fundacjadodo.soodev.pl\/projekt\/tygrys-sumatrzanski\/#breadcrumb\"},\"inLanguage\":\"en-US\",\"potentialAction\":[{\"@type\":\"ReadAction\",\"target\":[\"https:\/\/stara.fundacjadodo.soodev.pl\/projekt\/tygrys-sumatrzanski\/\"]}]},{\"@type\":\"BreadcrumbList\",\"@id\":\"https:\/\/stara.fundacjadodo.soodev.pl\/projekt\/tygrys-sumatrzanski\/#breadcrumb\",\"itemListElement\":[{\"@type\":\"ListItem\",\"position\":1,\"name\":\"Home\",\"item\":\"https:\/\/stara.fundacjadodo.soodev.pl\/en\/\"},{\"@type\":\"ListItem\",\"position\":2,\"name\":\"Project\",\"item\":\"https:\/\/stara.fundacjadodo.soodev.pl\/en\/project\/\"},{\"@type\":\"ListItem\",\"position\":3,\"name\":\"Sumatran tiger conservation project\"}]},{\"@type\":\"WebSite\",\"@id\":\"https:\/\/stara.fundacjadodo.soodev.pl\/#website\",\"url\":\"https:\/\/stara.fundacjadodo.soodev.pl\/\",\"name\":\"Fundacja Zoo Wroc\u0142aw DODO\",\"description\":\"\",\"potentialAction\":[{\"@type\":\"SearchAction\",\"target\":{\"@type\":\"EntryPoint\",\"urlTemplate\":\"https:\/\/stara.fundacjadodo.soodev.pl\/?s={search_term_string}\"},\"query-input\":\"required name=search_term_string\"}],\"inLanguage\":\"en-US\"}]}<\/script>\n<!-- \/ Yoast SEO plugin. -->","yoast_head_json":{"title":"Sumatran tiger conservation project - Fundacja Zoo Wroc\u0142aw DODO","description":"Tygrysy sumatrza\u0144skie s\u0105 gatunkiem krytycznie zagro\u017conym wygini\u0119ciem. W \u015brodowisku naturalnym pozosta\u0142o ich zaledwie oko\u0142o 400! Je\u015bli nie podejmiemy dzia\u0142a\u0144, temu niezwykle rzadkiemu wielkiemu kotu grozi nieuchronne wymarcie.","robots":{"index":"index","follow":"follow","max-snippet":"max-snippet:-1","max-image-preview":"max-image-preview:large","max-video-preview":"max-video-preview:-1"},"canonical":"https:\/\/stara.fundacjadodo.soodev.pl\/en\/projekt\/tygrys-sumatrzanski\/","og_locale":"en_US","og_type":"article","og_title":"Sumatran tiger conservation project - Fundacja Zoo Wroc\u0142aw DODO","og_description":"Tygrysy sumatrza\u0144skie s\u0105 gatunkiem krytycznie zagro\u017conym wygini\u0119ciem. W \u015brodowisku naturalnym pozosta\u0142o ich zaledwie oko\u0142o 400! Je\u015bli nie podejmiemy dzia\u0142a\u0144, temu niezwykle rzadkiemu wielkiemu kotu grozi nieuchronne wymarcie.","og_url":"https:\/\/stara.fundacjadodo.soodev.pl\/projekt\/tygrys-sumatrzanski\/","og_site_name":"Fundacja Zoo Wroc\u0142aw DODO","article_modified_time":"2022-02-02T11:28:49+00:00","og_image":[{"width":1600,"height":1600,"url":"https:\/\/stara.fundacjadodo.soodev.pl\/wp-content\/uploads\/2020\/09\/sumatran-tiger-kafelek-eng.jpg","type":"image\/jpeg"}],"twitter_card":"summary_large_image","twitter_misc":{"Est. reading time":"3 minutes"},"schema":{"@context":"https:\/\/schema.org","@graph":[{"@type":"WebPage","@id":"https:\/\/stara.fundacjadodo.soodev.pl\/projekt\/tygrys-sumatrzanski\/","url":"https:\/\/stara.fundacjadodo.soodev.pl\/projekt\/tygrys-sumatrzanski\/","name":"Sumatran tiger conservation project - Fundacja Zoo Wroc\u0142aw DODO","isPartOf":{"@id":"https:\/\/stara.fundacjadodo.soodev.pl\/#website"},"datePublished":"2020-09-12T12:44:59+00:00","dateModified":"2022-02-02T11:28:49+00:00","description":"Tygrysy sumatrza\u0144skie s\u0105 gatunkiem krytycznie zagro\u017conym wygini\u0119ciem. W \u015brodowisku naturalnym pozosta\u0142o ich zaledwie oko\u0142o 400! Je\u015bli nie podejmiemy dzia\u0142a\u0144, temu niezwykle rzadkiemu wielkiemu kotu grozi nieuchronne wymarcie.","breadcrumb":{"@id":"https:\/\/stara.fundacjadodo.soodev.pl\/projekt\/tygrys-sumatrzanski\/#breadcrumb"},"inLanguage":"en-US","potentialAction":[{"@type":"ReadAction","target":["https:\/\/stara.fundacjadodo.soodev.pl\/projekt\/tygrys-sumatrzanski\/"]}]},{"@type":"BreadcrumbList","@id":"https:\/\/stara.fundacjadodo.soodev.pl\/projekt\/tygrys-sumatrzanski\/#breadcrumb","itemListElement":[{"@type":"ListItem","position":1,"name":"Home","item":"https:\/\/stara.fundacjadodo.soodev.pl\/en\/"},{"@type":"ListItem","position":2,"name":"Project","item":"https:\/\/stara.fundacjadodo.soodev.pl\/en\/project\/"},{"@type":"ListItem","position":3,"name":"Sumatran tiger conservation project"}]},{"@type":"WebSite","@id":"https:\/\/stara.fundacjadodo.soodev.pl\/#website","url":"https:\/\/stara.fundacjadodo.soodev.pl\/","name":"Fundacja Zoo Wroc\u0142aw DODO","description":"","potentialAction":[{"@type":"SearchAction","target":{"@type":"EntryPoint","urlTemplate":"https:\/\/stara.fundacjadodo.soodev.pl\/?s={search_term_string}"},"query-input":"required name=search_term_string"}],"inLanguage":"en-US"}]}},"post_mailing_queue_ids":[],"_links":{"self":[{"href":"https:\/\/stara.fundacjadodo.soodev.pl\/en\/wp-json\/wp\/v2\/product\/6987","targetHints":{"allow":["GET"]}}],"collection":[{"href":"https:\/\/stara.fundacjadodo.soodev.pl\/en\/wp-json\/wp\/v2\/product"}],"about":[{"href":"https:\/\/stara.fundacjadodo.soodev.pl\/en\/wp-json\/wp\/v2\/types\/product"}],"wp:featuredmedia":[{"embeddable":true,"href":"https:\/\/stara.fundacjadodo.soodev.pl\/en\/wp-json\/wp\/v2\/media\/6988"}],"wp:attachment":[{"href":"https:\/\/stara.fundacjadodo.soodev.pl\/en\/wp-json\/wp\/v2\/media?parent=6987"}],"curies":[{"name":"wp","href":"https:\/\/api.w.org\/{rel}","templated":true}]}}